{"id":11353,"date":"2022-07-17T10:13:02","date_gmt":"2022-07-17T07:13:02","guid":{"rendered":"https:\/\/ecce.genzteknoloji.com\/?page_id=11353"},"modified":"2022-07-23T22:39:06","modified_gmt":"2022-07-23T19:39:06","slug":"ecce-santiye","status":"publish","type":"page","link":"https:\/\/www.eccegroup.com.tr\/tr\/index.php\/ecce-santiye\/","title":{"rendered":"Ecce \u015eantiye"},"content":{"rendered":"\t\t<div data-elementor-type=\"wp-page\" data-elementor-id=\"11353\" class=\"elementor elementor-11353\" data-elementor-post-type=\"page\">\n\t\t\t\t\t\t<section class=\"elementor-section elementor-top-section elementor-element elementor-element-47b119d tm-column-break-ipad-no tm-col-stretched-none elementor-section-boxed elementor-section-height-default elementor-section-height-default\" data-id=\"47b119d\" data-element_type=\"section\">\n\t\t\t\t\t\t<div class=\"elementor-container elementor-column-gap-default\">\n\t\t\t\t\t<div class=\"elementor-column elementor-col-100 elementor-top-column elementor-element elementor-element-df121fe\" data-id=\"df121fe\" data-element_type=\"column\">\n\t\t\t<div class=\"elementor-widget-wrap elementor-element-populated\">\n\t\t\t\t\t\t<div class=\"elementor-element elementor-element-534efc5f elementor-widget elementor-widget-text-editor\" data-id=\"534efc5f\" data-element_type=\"widget\" data-widget_type=\"text-editor.default\">\n\t\t\t\t<div class=\"elementor-widget-container\">\n\t\t\t<style>\/*! elementor - v3.22.0 - 17-06-2024 *\/\n.elementor-widget-text-editor.elementor-drop-cap-view-stacked .elementor-drop-cap{background-color:#69727d;color:#fff}.elementor-widget-text-editor.elementor-drop-cap-view-framed .elementor-drop-cap{color:#69727d;border:3px solid;background-color:transparent}.elementor-widget-text-editor:not(.elementor-drop-cap-view-default) .elementor-drop-cap{margin-top:8px}.elementor-widget-text-editor:not(.elementor-drop-cap-view-default) .elementor-drop-cap-letter{width:1em;height:1em}.elementor-widget-text-editor .elementor-drop-cap{float:left;text-align:center;line-height:1;font-size:50px}.elementor-widget-text-editor .elementor-drop-cap-letter{display:inline-block}<\/style>\t\t\t\t<!-- wp:heading -->\n<h2>Ecce \u015eantiye<\/h2>\n<!-- \/wp:heading -->\n\n<!-- wp:paragraph -->\n<p>Mimari proje tasar\u0131m a\u015famas\u0131ndan ba\u015flayarak in\u015faat\u0131n teslimine kadar ge\u00e7en s\u00fcre\u00e7te i\u015fverenin menfaatlerini korumaya y\u00f6nelik yap\u0131lan t\u00fcm \u00e7al\u0131\u015fmalar\u0131 sa\u011flamaktay\u0131z.<br><strong>Ecce \u015eantiye olarak yapt\u0131klar\u0131m\u0131z:<\/strong><\/p>\n<!-- \/wp:paragraph -->\n\n<!-- wp:list -->\n<ul><li>Proje tasar\u0131m y\u00f6netimi<\/li><li>Proje yap\u0131m y\u00f6netimi<\/li><li>S\u00f6zle\u015fme y\u00f6netimi<\/li><li>B\u00fct\u00e7e y\u00f6netimi<\/li><li>Sat\u0131n alma y\u00f6ntemi<\/li><li>Teslim ve devreye alma<\/li><li>Teknik dan\u0131\u015fmanl\u0131k<\/li><li>\u015eantiye y\u00f6netimi<\/li><li>\u015eantiye \u00f6deme plan\u0131 y\u00f6netimi<\/li><li>\u015eantiye i\u015f plan\u0131 y\u00f6netimi<\/li><\/ul>\n<!-- \/wp:list -->\t\t\t\t\t\t<\/div>\n\t\t\t\t<\/div>\n\t\t\t\t\t<\/div>\n\t\t<\/div>\n\t\t\t\t\t<\/div>\n\t\t<\/section>\n\t\t\t\t<\/div>\n\t\t","protected":false},"excerpt":{"rendered":"<p>Ecce \u015eantiye Mimari proje tasar\u0131m a\u015famas\u0131ndan ba\u015flayarak in\u015faat\u0131n teslimine kadar ge\u00e7en s\u00fcre\u00e7te i\u015fverenin menfaatlerini korumaya y\u00f6nelik yap\u0131lan t\u00fcm \u00e7al\u0131\u015fmalar\u0131 sa\u011flamaktay\u0131z.Ecce \u015eantiye olarak yapt\u0131klar\u0131m\u0131z: Proje tasar\u0131m y\u00f6netimi Proje yap\u0131m y\u00f6netimi S\u00f6zle\u015fme y\u00f6netimi B\u00fct\u00e7e y\u00f6netimi Sat\u0131n alma y\u00f6ntemi Teslim ve devreye alma Teknik dan\u0131\u015fmanl\u0131k \u015eantiye y\u00f6netimi \u015eantiye \u00f6deme plan\u0131 y\u00f6netimi \u015eantiye i\u015f plan\u0131 y\u00f6netimi<\/p>\n","protected":false},"author":1,"featured_media":0,"parent":0,"menu_order":0,"comment_status":"closed","ping_status":"closed","template":"","meta":{"footnotes":""},"class_list":["post-11353","page","type-page","status-publish","hentry"],"_links":{"self":[{"href":"https:\/\/www.eccegroup.com.tr\/tr\/index.php\/wp-json\/wp\/v2\/pages\/11353","targetHints":{"allow":["GET"]}}],"collection":[{"href":"https:\/\/www.eccegroup.com.tr\/tr\/index.php\/wp-json\/wp\/v2\/pages"}],"about":[{"href":"https:\/\/www.eccegroup.com.tr\/tr\/index.php\/wp-json\/wp\/v2\/types\/page"}],"author":[{"embeddable":true,"href":"https:\/\/www.eccegroup.com.tr\/tr\/index.php\/wp-json\/wp\/v2\/users\/1"}],"replies":[{"embeddable":true,"href":"https:\/\/www.eccegroup.com.tr\/tr\/index.php\/wp-json\/wp\/v2\/comments?post=11353"}],"version-history":[{"count":13,"href":"https:\/\/www.eccegroup.com.tr\/tr\/index.php\/wp-json\/wp\/v2\/pages\/11353\/revisions"}],"predecessor-version":[{"id":12274,"href":"https:\/\/www.eccegroup.com.tr\/tr\/index.php\/wp-json\/wp\/v2\/pages\/11353\/revisions\/12274"}],"wp:attachment":[{"href":"https:\/\/www.eccegroup.com.tr\/tr\/index.php\/wp-json\/wp\/v2\/media?parent=11353"}],"curies":[{"name":"wp","href":"https:\/\/api.w.org\/{rel}","templated":true}]}}