{"id":11360,"date":"2022-07-17T10:24:41","date_gmt":"2022-07-17T07:24:41","guid":{"rendered":"https:\/\/ecce.genzteknoloji.com\/?page_id=11360"},"modified":"2022-07-23T22:58:58","modified_gmt":"2022-07-23T19:58:58","slug":"ecce-muhendislik","status":"publish","type":"page","link":"https:\/\/www.eccegroup.com.tr\/tr\/index.php\/ecce-muhendislik\/","title":{"rendered":"Ecce M\u00fchendislik"},"content":{"rendered":"\t\t<div data-elementor-type=\"wp-page\" data-elementor-id=\"11360\" class=\"elementor elementor-11360\" data-elementor-post-type=\"page\">\n\t\t\t\t\t\t<section class=\"elementor-section elementor-top-section elementor-element elementor-element-31527ba6 tm-column-break-ipad-no tm-col-stretched-none elementor-section-boxed elementor-section-height-default elementor-section-height-default\" data-id=\"31527ba6\" data-element_type=\"section\">\n\t\t\t\t\t\t<div class=\"elementor-container elementor-column-gap-default\">\n\t\t\t\t\t<div class=\"elementor-column elementor-col-100 elementor-top-column elementor-element elementor-element-751d01\" data-id=\"751d01\" data-element_type=\"column\">\n\t\t\t<div class=\"elementor-widget-wrap elementor-element-populated\">\n\t\t\t\t\t\t<div class=\"elementor-element elementor-element-4b1d9f3c elementor-widget elementor-widget-text-editor\" data-id=\"4b1d9f3c\" data-element_type=\"widget\" data-widget_type=\"text-editor.default\">\n\t\t\t\t<div class=\"elementor-widget-container\">\n\t\t\t<style>\/*! elementor - v3.22.0 - 17-06-2024 *\/\n.elementor-widget-text-editor.elementor-drop-cap-view-stacked .elementor-drop-cap{background-color:#69727d;color:#fff}.elementor-widget-text-editor.elementor-drop-cap-view-framed .elementor-drop-cap{color:#69727d;border:3px solid;background-color:transparent}.elementor-widget-text-editor:not(.elementor-drop-cap-view-default) .elementor-drop-cap{margin-top:8px}.elementor-widget-text-editor:not(.elementor-drop-cap-view-default) .elementor-drop-cap-letter{width:1em;height:1em}.elementor-widget-text-editor .elementor-drop-cap{float:left;text-align:center;line-height:1;font-size:50px}.elementor-widget-text-editor .elementor-drop-cap-letter{display:inline-block}<\/style>\t\t\t\t<p><!-- wp:heading --><\/p>\n<h2>Ecce M\u00fchendislik<\/h2>\n<p><!-- \/wp:heading --><!-- wp:paragraph --><\/p>\n<p>Mimari projelerin olu\u015fturulmas\u0131na takiben statik uygulama projeleri, mekanik uygulama projeleri, elektrik uygulama projeleri, harita ve kadastro projelerindeki t\u00fcm \u00e7al\u0131\u015fmalar\u0131 i\u015fverenin isteklerine ve y\u00f6netmeliklere uygun olarak sa\u011flamaktay\u0131z.<\/p>\n<p><!-- \/wp:paragraph --><!-- wp:paragraph --><\/p>\n<p><strong>Ecce M\u00fchendislik olarak yapt\u0131klar\u0131m\u0131z<\/strong><b>:<\/b><\/p>\n<p><!-- \/wp:paragraph --><!-- wp:list --><\/p>\n<ul>\n<li>Mekanik ruhsat ve uygulama projeleri<\/li>\n<li>Statik ruhsat ve uygulama projeleri<\/li>\n<li>Elektirik ruhsat ve uygulama projeleri<\/li>\n<li>Altyap\u0131 projeleri<\/li>\n<li>Harita ve kadastro projeleri<\/li>\n<li>Orman izin dosyalar\u0131n\u0131n haz\u0131rlanmas\u0131<\/li>\n<li>Zemin et\u00fctlerinin yapt\u0131r\u0131lmas\u0131 ve raporlar\u0131n\u0131n haz\u0131rlanmas\u0131<\/li>\n<li>Teknik \u015fartname ve t\u00fcm metraj listelerinin olu\u015fturulmas\u0131<\/li>\n<\/ul>\n<p><!-- \/wp:list --><\/p>\t\t\t\t\t\t<\/div>\n\t\t\t\t<\/div>\n\t\t\t\t\t<\/div>\n\t\t<\/div>\n\t\t\t\t\t<\/div>\n\t\t<\/section>\n\t\t\t\t<\/div>\n\t\t","protected":false},"excerpt":{"rendered":"<p>Ecce M\u00fchendislik Mimari projelerin olu\u015fturulmas\u0131na takiben statik uygulama projeleri, mekanik uygulama projeleri, elektrik uygulama projeleri, harita ve kadastro projelerindeki t\u00fcm \u00e7al\u0131\u015fmalar\u0131 i\u015fverenin isteklerine ve y\u00f6netmeliklere uygun olarak sa\u011flamaktay\u0131z. Ecce M\u00fchendislik olarak yapt\u0131klar\u0131m\u0131z: Mekanik ruhsat ve uygulama projeleri Statik ruhsat ve uygulama projeleri Elektirik ruhsat ve uygulama projeleri Altyap\u0131 projeleri Harita ve kadastro projeleri Orman izin &hellip; <a href=\"https:\/\/www.eccegroup.com.tr\/tr\/index.php\/ecce-muhendislik\/\" class=\"more-link\">Continue reading <span class=\"screen-reader-text\">Ecce M\u00fchendislik<\/span><\/a><\/p>\n","protected":false},"author":1,"featured_media":0,"parent":0,"menu_order":0,"comment_status":"closed","ping_status":"closed","template":"","meta":{"footnotes":""},"class_list":["post-11360","page","type-page","status-publish","hentry"],"_links":{"self":[{"href":"https:\/\/www.eccegroup.com.tr\/tr\/index.php\/wp-json\/wp\/v2\/pages\/11360","targetHints":{"allow":["GET"]}}],"collection":[{"href":"https:\/\/www.eccegroup.com.tr\/tr\/index.php\/wp-json\/wp\/v2\/pages"}],"about":[{"href":"https:\/\/www.eccegroup.com.tr\/tr\/index.php\/wp-json\/wp\/v2\/types\/page"}],"author":[{"embeddable":true,"href":"https:\/\/www.eccegroup.com.tr\/tr\/index.php\/wp-json\/wp\/v2\/users\/1"}],"replies":[{"embeddable":true,"href":"https:\/\/www.eccegroup.com.tr\/tr\/index.php\/wp-json\/wp\/v2\/comments?post=11360"}],"version-history":[{"count":10,"href":"https:\/\/www.eccegroup.com.tr\/tr\/index.php\/wp-json\/wp\/v2\/pages\/11360\/revisions"}],"predecessor-version":[{"id":12290,"href":"https:\/\/www.eccegroup.com.tr\/tr\/index.php\/wp-json\/wp\/v2\/pages\/11360\/revisions\/12290"}],"wp:attachment":[{"href":"https:\/\/www.eccegroup.com.tr\/tr\/index.php\/wp-json\/wp\/v2\/media?parent=11360"}],"curies":[{"name":"wp","href":"https:\/\/api.w.org\/{rel}","templated":true}]}}