{"id":11362,"date":"2022-07-17T10:28:58","date_gmt":"2022-07-17T07:28:58","guid":{"rendered":"https:\/\/ecce.genzteknoloji.com\/?page_id=11362"},"modified":"2022-07-23T22:52:23","modified_gmt":"2022-07-23T19:52:23","slug":"ecce-proje","status":"publish","type":"page","link":"https:\/\/www.eccegroup.com.tr\/tr\/index.php\/ecce-proje\/","title":{"rendered":"Ecce Proje"},"content":{"rendered":"\t\t<div data-elementor-type=\"wp-page\" data-elementor-id=\"11362\" class=\"elementor elementor-11362\" data-elementor-post-type=\"page\">\n\t\t\t\t\t\t<section class=\"elementor-section elementor-top-section elementor-element elementor-element-570c163e tm-column-break-ipad-no tm-col-stretched-none elementor-section-boxed elementor-section-height-default elementor-section-height-default\" data-id=\"570c163e\" data-element_type=\"section\">\n\t\t\t\t\t\t<div class=\"elementor-container elementor-column-gap-default\">\n\t\t\t\t\t<div class=\"elementor-column elementor-col-100 elementor-top-column elementor-element elementor-element-f2e08b6\" data-id=\"f2e08b6\" data-element_type=\"column\">\n\t\t\t<div class=\"elementor-widget-wrap elementor-element-populated\">\n\t\t\t\t\t\t<div class=\"elementor-element elementor-element-3c64e9fe elementor-widget elementor-widget-text-editor\" data-id=\"3c64e9fe\" data-element_type=\"widget\" data-widget_type=\"text-editor.default\">\n\t\t\t\t<div class=\"elementor-widget-container\">\n\t\t\t<style>\/*! elementor - v3.22.0 - 17-06-2024 *\/\n.elementor-widget-text-editor.elementor-drop-cap-view-stacked .elementor-drop-cap{background-color:#69727d;color:#fff}.elementor-widget-text-editor.elementor-drop-cap-view-framed .elementor-drop-cap{color:#69727d;border:3px solid;background-color:transparent}.elementor-widget-text-editor:not(.elementor-drop-cap-view-default) .elementor-drop-cap{margin-top:8px}.elementor-widget-text-editor:not(.elementor-drop-cap-view-default) .elementor-drop-cap-letter{width:1em;height:1em}.elementor-widget-text-editor .elementor-drop-cap{float:left;text-align:center;line-height:1;font-size:50px}.elementor-widget-text-editor .elementor-drop-cap-letter{display:inline-block}<\/style>\t\t\t\t<!-- wp:heading -->\n<h2>Ecce Proje<\/h2>\n<!-- \/wp:heading -->\n\n<!-- wp:paragraph -->\n<p>Al\u0131\u015fveri\u015f merkezleri, oteller, \u00e7ok katl\u0131 ve y\u00fcksek katl\u0131 bina bloklar\u0131, villalar, az katl\u0131 konut yap\u0131lar\u0131, hastaneler, ticari yap\u0131lar, e\u011fitim ve k\u00fclt\u00fcr yap\u0131lar\u0131, resmi kurumlar, spor yap\u0131lar\u0131, ma\u011faza ve retail projeler, havaalanlar\u0131 vs. i\u00e7in tasar\u0131m projeleri, teknik \u015fartnameler, i\u015f detaylar\u0131 ve saha \u00e7izimleri \u00fcretmek ve y\u00f6netmek amac\u0131yla mimari, i\u00e7 mimari ve peyzaj projeleri hizmetler sa\u011flamaktay\u0131z.<\/p>\n<!-- \/wp:paragraph -->\n\n<!-- wp:paragraph -->\n<p><strong>Ecce Proje olarak yapt\u0131klar\u0131m\u0131z:<\/strong><\/p>\n<!-- \/wp:paragraph -->\n\n<!-- wp:list -->\n<ul><li>Eskiz ve konsept projeleri<\/li><li>Ruhsat projeleri<\/li><li>Uygulama projeleri<\/li><li>\u0130\u00e7 mekan tasar\u0131mlar\u0131<\/li><li>\u0130\u00e7 mekan ve dekorasyon projeleri<\/li><li>Peyzaj projeleri<\/li><li>\u015eantiye As-built projeleri<\/li><li>Teknik \u015fartname ve icmal listeleri<\/li><\/ul>\n<!-- \/wp:list -->\t\t\t\t\t\t<\/div>\n\t\t\t\t<\/div>\n\t\t\t\t\t<\/div>\n\t\t<\/div>\n\t\t\t\t\t<\/div>\n\t\t<\/section>\n\t\t\t\t<\/div>\n\t\t","protected":false},"excerpt":{"rendered":"<p>Ecce Proje Al\u0131\u015fveri\u015f merkezleri, oteller, \u00e7ok katl\u0131 ve y\u00fcksek katl\u0131 bina bloklar\u0131, villalar, az katl\u0131 konut yap\u0131lar\u0131, hastaneler, ticari yap\u0131lar, e\u011fitim ve k\u00fclt\u00fcr yap\u0131lar\u0131, resmi kurumlar, spor yap\u0131lar\u0131, ma\u011faza ve retail projeler, havaalanlar\u0131 vs. i\u00e7in tasar\u0131m projeleri, teknik \u015fartnameler, i\u015f detaylar\u0131 ve saha \u00e7izimleri \u00fcretmek ve y\u00f6netmek amac\u0131yla mimari, i\u00e7 mimari ve peyzaj projeleri hizmetler &hellip; <a href=\"https:\/\/www.eccegroup.com.tr\/tr\/index.php\/ecce-proje\/\" class=\"more-link\">Continue reading <span class=\"screen-reader-text\">Ecce Proje<\/span><\/a><\/p>\n","protected":false},"author":1,"featured_media":0,"parent":0,"menu_order":0,"comment_status":"closed","ping_status":"closed","template":"","meta":{"footnotes":""},"class_list":["post-11362","page","type-page","status-publish","hentry"],"_links":{"self":[{"href":"https:\/\/www.eccegroup.com.tr\/tr\/index.php\/wp-json\/wp\/v2\/pages\/11362","targetHints":{"allow":["GET"]}}],"collection":[{"href":"https:\/\/www.eccegroup.com.tr\/tr\/index.php\/wp-json\/wp\/v2\/pages"}],"about":[{"href":"https:\/\/www.eccegroup.com.tr\/tr\/index.php\/wp-json\/wp\/v2\/types\/page"}],"author":[{"embeddable":true,"href":"https:\/\/www.eccegroup.com.tr\/tr\/index.php\/wp-json\/wp\/v2\/users\/1"}],"replies":[{"embeddable":true,"href":"https:\/\/www.eccegroup.com.tr\/tr\/index.php\/wp-json\/wp\/v2\/comments?post=11362"}],"version-history":[{"count":7,"href":"https:\/\/www.eccegroup.com.tr\/tr\/index.php\/wp-json\/wp\/v2\/pages\/11362\/revisions"}],"predecessor-version":[{"id":12278,"href":"https:\/\/www.eccegroup.com.tr\/tr\/index.php\/wp-json\/wp\/v2\/pages\/11362\/revisions\/12278"}],"wp:attachment":[{"href":"https:\/\/www.eccegroup.com.tr\/tr\/index.php\/wp-json\/wp\/v2\/media?parent=11362"}],"curies":[{"name":"wp","href":"https:\/\/api.w.org\/{rel}","templated":true}]}}