{"id":11364,"date":"2022-07-17T10:31:57","date_gmt":"2022-07-17T07:31:57","guid":{"rendered":"https:\/\/ecce.genzteknoloji.com\/?page_id=11364"},"modified":"2022-07-23T22:54:49","modified_gmt":"2022-07-23T19:54:49","slug":"ecce-3d-gorsellestirme","status":"publish","type":"page","link":"https:\/\/www.eccegroup.com.tr\/tr\/index.php\/ecce-3d-gorsellestirme\/","title":{"rendered":"Ecce 3D G\u00f6rselle\u015ftirme"},"content":{"rendered":"\t\t<div data-elementor-type=\"wp-page\" data-elementor-id=\"11364\" class=\"elementor elementor-11364\" data-elementor-post-type=\"page\">\n\t\t\t\t\t\t<section class=\"elementor-section elementor-top-section elementor-element elementor-element-6167ca8b tm-column-break-ipad-no tm-col-stretched-none elementor-section-boxed elementor-section-height-default elementor-section-height-default\" data-id=\"6167ca8b\" data-element_type=\"section\">\n\t\t\t\t\t\t<div class=\"elementor-container elementor-column-gap-default\">\n\t\t\t\t\t<div class=\"elementor-column elementor-col-100 elementor-top-column elementor-element elementor-element-3c08b2ba\" data-id=\"3c08b2ba\" data-element_type=\"column\">\n\t\t\t<div class=\"elementor-widget-wrap elementor-element-populated\">\n\t\t\t\t\t\t<div class=\"elementor-element elementor-element-69e79964 elementor-widget elementor-widget-text-editor\" data-id=\"69e79964\" data-element_type=\"widget\" data-widget_type=\"text-editor.default\">\n\t\t\t\t<div class=\"elementor-widget-container\">\n\t\t\t<style>\/*! elementor - v3.22.0 - 17-06-2024 *\/\n.elementor-widget-text-editor.elementor-drop-cap-view-stacked .elementor-drop-cap{background-color:#69727d;color:#fff}.elementor-widget-text-editor.elementor-drop-cap-view-framed .elementor-drop-cap{color:#69727d;border:3px solid;background-color:transparent}.elementor-widget-text-editor:not(.elementor-drop-cap-view-default) .elementor-drop-cap{margin-top:8px}.elementor-widget-text-editor:not(.elementor-drop-cap-view-default) .elementor-drop-cap-letter{width:1em;height:1em}.elementor-widget-text-editor .elementor-drop-cap{float:left;text-align:center;line-height:1;font-size:50px}.elementor-widget-text-editor .elementor-drop-cap-letter{display:inline-block}<\/style>\t\t\t\t<!-- wp:heading -->\n<h2>Ecce 3D G\u00f6rselle\u015ftirme<\/h2>\n<!-- \/wp:heading -->\n\n<!-- wp:paragraph -->\n<p>Projesine uygun yap\u0131lar\u0131, \u015fantiye detaylar\u0131n\u0131, i\u00e7 mekan ve peyzaj detaylar\u0131n\u0131, \u00fcretim detaylar\u0131n\u0131 vs. \u00fc\u00e7 boyuta kald\u0131r\u0131p modelleyerek ger\u00e7ek\u00e7i g\u00f6rseller al\u0131yoruz. B\u00f6ylece \u015fantiye ba\u015flamadan proje tan\u0131t\u0131m\u0131 yap\u0131yor, m\u00fc\u015fterinin maddi ve manevi kay\u0131plar\u0131n\u0131 ve \u015fantiyede olu\u015fabilecek s\u0131k\u0131nt\u0131lar\u0131 en ba\u015ftan engelliyoruz.<\/p>\n<!-- \/wp:paragraph -->\n\n<!-- wp:paragraph -->\n<p><strong>Ecce G\u00f6rselle\u015ftirme olarak yapt\u0131klar\u0131m\u0131z:<\/strong><\/p>\n<!-- \/wp:paragraph -->\n\n<!-- wp:list -->\n<ul><li>3D modelleme ve tasar\u0131m<\/li><li>\u0130\u00e7 mekan ve d\u0131\u015f mekan sabit render<\/li><li>\u0130\u00e7 mekan ve d\u0131\u015f mekan 360 render<\/li><li>St\u00fcdyo render<\/li><li>VR sunum<\/li><li>Animasyon sunum<\/li><\/ul>\n<!-- \/wp:list -->\t\t\t\t\t\t<\/div>\n\t\t\t\t<\/div>\n\t\t\t\t\t<\/div>\n\t\t<\/div>\n\t\t\t\t\t<\/div>\n\t\t<\/section>\n\t\t\t\t<\/div>\n\t\t","protected":false},"excerpt":{"rendered":"<p>Ecce 3D G\u00f6rselle\u015ftirme Projesine uygun yap\u0131lar\u0131, \u015fantiye detaylar\u0131n\u0131, i\u00e7 mekan ve peyzaj detaylar\u0131n\u0131, \u00fcretim detaylar\u0131n\u0131 vs. \u00fc\u00e7 boyuta kald\u0131r\u0131p modelleyerek ger\u00e7ek\u00e7i g\u00f6rseller al\u0131yoruz. B\u00f6ylece \u015fantiye ba\u015flamadan proje tan\u0131t\u0131m\u0131 yap\u0131yor, m\u00fc\u015fterinin maddi ve manevi kay\u0131plar\u0131n\u0131 ve \u015fantiyede olu\u015fabilecek s\u0131k\u0131nt\u0131lar\u0131 en ba\u015ftan engelliyoruz. Ecce G\u00f6rselle\u015ftirme olarak yapt\u0131klar\u0131m\u0131z: 3D modelleme ve tasar\u0131m \u0130\u00e7 mekan ve d\u0131\u015f mekan sabit &hellip; <a href=\"https:\/\/www.eccegroup.com.tr\/tr\/index.php\/ecce-3d-gorsellestirme\/\" class=\"more-link\">Continue reading <span class=\"screen-reader-text\">Ecce 3D G\u00f6rselle\u015ftirme<\/span><\/a><\/p>\n","protected":false},"author":1,"featured_media":0,"parent":0,"menu_order":0,"comment_status":"closed","ping_status":"closed","template":"","meta":{"footnotes":""},"class_list":["post-11364","page","type-page","status-publish","hentry"],"_links":{"self":[{"href":"https:\/\/www.eccegroup.com.tr\/tr\/index.php\/wp-json\/wp\/v2\/pages\/11364","targetHints":{"allow":["GET"]}}],"collection":[{"href":"https:\/\/www.eccegroup.com.tr\/tr\/index.php\/wp-json\/wp\/v2\/pages"}],"about":[{"href":"https:\/\/www.eccegroup.com.tr\/tr\/index.php\/wp-json\/wp\/v2\/types\/page"}],"author":[{"embeddable":true,"href":"https:\/\/www.eccegroup.com.tr\/tr\/index.php\/wp-json\/wp\/v2\/users\/1"}],"replies":[{"embeddable":true,"href":"https:\/\/www.eccegroup.com.tr\/tr\/index.php\/wp-json\/wp\/v2\/comments?post=11364"}],"version-history":[{"count":10,"href":"https:\/\/www.eccegroup.com.tr\/tr\/index.php\/wp-json\/wp\/v2\/pages\/11364\/revisions"}],"predecessor-version":[{"id":12286,"href":"https:\/\/www.eccegroup.com.tr\/tr\/index.php\/wp-json\/wp\/v2\/pages\/11364\/revisions\/12286"}],"wp:attachment":[{"href":"https:\/\/www.eccegroup.com.tr\/tr\/index.php\/wp-json\/wp\/v2\/media?parent=11364"}],"curies":[{"name":"wp","href":"https:\/\/api.w.org\/{rel}","templated":true}]}}