{"id":11421,"date":"2022-07-17T15:45:51","date_gmt":"2022-07-17T12:45:51","guid":{"rendered":"https:\/\/ecce.genzteknoloji.com\/?page_id=11421"},"modified":"2024-03-19T18:50:14","modified_gmt":"2024-03-19T15:50:14","slug":"hizmetler","status":"publish","type":"page","link":"https:\/\/www.eccegroup.com.tr\/tr\/index.php\/hizmetler\/","title":{"rendered":"Hizmetler"},"content":{"rendered":"\t\t<div data-elementor-type=\"wp-page\" data-elementor-id=\"11421\" class=\"elementor elementor-11421\" data-elementor-post-type=\"page\">\n\t\t\t\t\t\t<section class=\"elementor-section elementor-top-section elementor-element elementor-element-3b010f82 elementor-section-stretched tm-bgcolor-darkgrey tm-column-break-ipad-no tm-col-stretched-none elementor-section-boxed elementor-section-height-default elementor-section-height-default\" data-id=\"3b010f82\" data-element_type=\"section\" data-settings=\"{&quot;stretch_section&quot;:&quot;section-stretched&quot;,&quot;background_background&quot;:&quot;classic&quot;}\">\n\t\t\t\t\t\t<div class=\"elementor-container elementor-column-gap-no\">\n\t\t\t\t\t<div class=\"elementor-column elementor-col-100 elementor-top-column elementor-element elementor-element-8c3e70\" data-id=\"8c3e70\" data-element_type=\"column\">\n\t\t\t<div class=\"elementor-widget-wrap elementor-element-populated\">\n\t\t\t\t\t\t<section class=\"elementor-section elementor-inner-section elementor-element elementor-element-5b5714a7 tm-column-break-ipad-yes tm-col-stretched-none elementor-section-boxed elementor-section-height-default elementor-section-height-default\" data-id=\"5b5714a7\" data-element_type=\"section\">\n\t\t\t\t\t\t<div class=\"elementor-container elementor-column-gap-no\">\n\t\t\t\t\t<div class=\"elementor-column elementor-col-33 elementor-inner-column elementor-element elementor-element-58378c7e\" data-id=\"58378c7e\" data-element_type=\"column\">\n\t\t\t<div class=\"elementor-widget-wrap elementor-element-populated\">\n\t\t\t\t\t\t<div class=\"elementor-element elementor-element-26bdc5ab elementor-widget elementor-widget-tm_icon_heading\" data-id=\"26bdc5ab\" data-element_type=\"widget\" data-widget_type=\"tm_icon_heading.default\">\n\t\t\t\t<div class=\"elementor-widget-container\">\n\t\t\t\n<div class=\"themetechmount-iconbox themetechmount-iconbox-stylesix themetechmount-iconcolor-skincolor\">\n<div class=\"themetechmount-iconbox-inner\">\n\t\t<div class=\"tm-iconbox-wrapper\">\n\t\t\t<div class=\"themetechmount-iconbox-icon\">\n\t\t\t<div class=\"tm-box-icon\"><i class=\"xlio ion-ios-build\"><\/i><\/div>\t\t\t<\/div>\n\t\t\t<div class=\"themetechmount-iconbox-heading\">\n\t\t\t\t<h2 class=\"tm-custom-heading\">\n\t\t\t\t\t<a href=\"https:\/\/www.eccegroup.com.tr\/tr\/index.php\/ecce-santiye\/\"><span>\n\t\t\t\t\t\t\u015eantiye\n\t\t\t\t\t<\/span><\/a>\n\t\t\t\t\t<\/h2>\n\t\t\t\t\t\t\t\t\t\t\t\t\t\t\t\t\t\t\t<\/div>\t\n\t\t<\/div>\n\t<\/div>\t\n\n<\/div>\n\t\t<\/div>\n\t\t\t\t<\/div>\n\t\t\t\t<div class=\"elementor-element elementor-element-f7c04e3 elementor-widget elementor-widget-tm_icon_heading\" data-id=\"f7c04e3\" data-element_type=\"widget\" data-widget_type=\"tm_icon_heading.default\">\n\t\t\t\t<div class=\"elementor-widget-container\">\n\t\t\t\n<div class=\"themetechmount-iconbox themetechmount-iconbox-stylesix themetechmount-iconcolor-skincolor\">\n<div class=\"themetechmount-iconbox-inner\">\n\t\t<div class=\"tm-iconbox-wrapper\">\n\t\t\t<div class=\"themetechmount-iconbox-icon\">\n\t\t\t<div class=\"tm-box-icon\"><i class=\"xlwpf wppb-font-graphic\"><\/i><\/div>\t\t\t<\/div>\n\t\t\t<div class=\"themetechmount-iconbox-heading\">\n\t\t\t\t<h2 class=\"tm-custom-heading\">\n\t\t\t\t\t<a href=\"https:\/\/www.eccegroup.com.tr\/tr\/index.php\/ecce-proje\/\"><span>\n\t\t\t\t\t\tProje\n\t\t\t\t\t<\/span><\/a>\n\t\t\t\t\t<\/h2>\n\t\t\t\t\t\t\t\t\t\t\t\t\t\t\t\t\t\t\t<\/div>\t\n\t\t<\/div>\n\t<\/div>\t\n\n<\/div>\n\t\t<\/div>\n\t\t\t\t<\/div>\n\t\t\t\t\t<\/div>\n\t\t<\/div>\n\t\t\t\t<div class=\"elementor-column elementor-col-33 elementor-inner-column elementor-element elementor-element-3821e475\" data-id=\"3821e475\" data-element_type=\"column\">\n\t\t\t<div class=\"elementor-widget-wrap elementor-element-populated\">\n\t\t\t\t\t\t<div class=\"elementor-element elementor-element-31aa448 elementor-widget elementor-widget-image\" data-id=\"31aa448\" data-element_type=\"widget\" data-widget_type=\"image.default\">\n\t\t\t\t<div class=\"elementor-widget-container\">\n\t\t\t<style>\/*! elementor - v3.22.0 - 17-06-2024 *\/\n.elementor-widget-image{text-align:center}.elementor-widget-image a{display:inline-block}.elementor-widget-image a img[src$=\".svg\"]{width:48px}.elementor-widget-image img{vertical-align:middle;display:inline-block}<\/style>\t\t\t\t\t\t\t\t\t\t<img decoding=\"async\" width=\"300\" height=\"151\" src=\"https:\/\/www.eccegroup.com.tr\/tr\/wp-content\/uploads\/2022\/07\/ECCE-GROUP-LOGO-SIYAH-FON-1-1-300x151.png\" class=\"attachment-medium size-medium wp-image-11716\" alt=\"\" srcset=\"https:\/\/www.eccegroup.com.tr\/tr\/wp-content\/uploads\/2022\/07\/ECCE-GROUP-LOGO-SIYAH-FON-1-1-300x151.png 300w, https:\/\/www.eccegroup.com.tr\/tr\/wp-content\/uploads\/2022\/07\/ECCE-GROUP-LOGO-SIYAH-FON-1-1-1024x514.png 1024w, https:\/\/www.eccegroup.com.tr\/tr\/wp-content\/uploads\/2022\/07\/ECCE-GROUP-LOGO-SIYAH-FON-1-1-768x386.png 768w, https:\/\/www.eccegroup.com.tr\/tr\/wp-content\/uploads\/2022\/07\/ECCE-GROUP-LOGO-SIYAH-FON-1-1-1536x772.png 1536w, https:\/\/www.eccegroup.com.tr\/tr\/wp-content\/uploads\/2022\/07\/ECCE-GROUP-LOGO-SIYAH-FON-1-1-2048x1029.png 2048w\" sizes=\"(max-width: 300px) 100vw, 300px\" data-id=\"11716\" \/>\t\t\t\t\t\t\t\t\t\t\t\t\t<\/div>\n\t\t\t\t<\/div>\n\t\t\t\t<div class=\"elementor-element elementor-element-3decfe00 elementor-widget elementor-widget-tm_icon_heading\" data-id=\"3decfe00\" data-element_type=\"widget\" data-widget_type=\"tm_icon_heading.default\">\n\t\t\t\t<div class=\"elementor-widget-container\">\n\t\t\t\n<div class=\"themetechmount-iconbox themetechmount-iconbox-stylesix themetechmount-iconcolor-skincolor\">\n<div class=\"themetechmount-iconbox-inner\">\n\t\t<div class=\"tm-iconbox-wrapper\">\n\t\t\t<div class=\"themetechmount-iconbox-icon\">\n\t\t\t<div class=\"tm-box-icon\"><i class=\"xlwpf wppb-font-projection\"><\/i><\/div>\t\t\t<\/div>\n\t\t\t<div class=\"themetechmount-iconbox-heading\">\n\t\t\t\t<h2 class=\"tm-custom-heading\">\n\t\t\t\t\t<a href=\"https:\/\/www.eccegroup.com.tr\/tr\/index.php\/ecce-muhendislik\/\"><span>\n\t\t\t\t\t\tM\u00fchendislik\n\t\t\t\t\t<\/span><\/a>\n\t\t\t\t\t<\/h2>\n\t\t\t\t\t\t\t\t\t\t\t\t\t\t\t\t\t\t\t<\/div>\t\n\t\t<\/div>\n\t<\/div>\t\n\n<\/div>\n\t\t<\/div>\n\t\t\t\t<\/div>\n\t\t\t\t\t<\/div>\n\t\t<\/div>\n\t\t\t\t<div class=\"elementor-column elementor-col-33 elementor-inner-column elementor-element elementor-element-22afb324\" data-id=\"22afb324\" data-element_type=\"column\">\n\t\t\t<div class=\"elementor-widget-wrap elementor-element-populated\">\n\t\t\t\t\t\t<div class=\"elementor-element elementor-element-6edadbf elementor-widget elementor-widget-tm_icon_heading\" data-id=\"6edadbf\" data-element_type=\"widget\" data-widget_type=\"tm_icon_heading.default\">\n\t\t\t\t<div class=\"elementor-widget-container\">\n\t\t\t\n<div class=\"themetechmount-iconbox themetechmount-iconbox-stylesix themetechmount-iconcolor-skincolor\">\n<div class=\"themetechmount-iconbox-inner\">\n\t\t<div class=\"tm-iconbox-wrapper\">\n\t\t\t<div class=\"themetechmount-iconbox-icon\">\n\t\t\t<div class=\"tm-box-icon\"><i class=\"material-icons md-3d_rotation\"><\/i><\/div>\t\t\t<\/div>\n\t\t\t<div class=\"themetechmount-iconbox-heading\">\n\t\t\t\t<h2 class=\"tm-custom-heading\">\n\t\t\t\t\t<a href=\"https:\/\/www.eccegroup.com.tr\/tr\/index.php\/ecce-3d-gorsellestirme\/\"><span>\n\t\t\t\t\t\tG\u00f6rselle\u015ftirme\n\t\t\t\t\t<\/span><\/a>\n\t\t\t\t\t<\/h2>\n\t\t\t\t\t\t\t\t\t\t\t\t\t\t\t\t\t\t\t<\/div>\t\n\t\t<\/div>\n\t<\/div>\t\n\n<\/div>\n\t\t<\/div>\n\t\t\t\t<\/div>\n\t\t\t\t<div class=\"elementor-element elementor-element-3fdf15b elementor-widget elementor-widget-tm_icon_heading\" data-id=\"3fdf15b\" data-element_type=\"widget\" data-widget_type=\"tm_icon_heading.default\">\n\t\t\t\t<div class=\"elementor-widget-container\">\n\t\t\t\n<div class=\"themetechmount-iconbox themetechmount-iconbox-stylesix themetechmount-iconcolor-skincolor\">\n<div class=\"themetechmount-iconbox-inner\">\n\t\t<div class=\"tm-iconbox-wrapper\">\n\t\t\t<div class=\"themetechmount-iconbox-icon\">\n\t\t\t<div class=\"tm-box-icon\"><i class=\"xlwpf wppb-font-tool\"><\/i><\/div>\t\t\t<\/div>\n\t\t\t<div class=\"themetechmount-iconbox-heading\">\n\t\t\t\t<h2 class=\"tm-custom-heading\">\n\t\t\t\t\t<a href=\"https:\/\/www.eccegroup.com.tr\/tr\/index.php\/ecce-maket-2\/\"><span>\n\t\t\t\t\t\tMaket\n\t\t\t\t\t<\/span><\/a>\n\t\t\t\t\t<\/h2>\n\t\t\t\t\t\t\t\t\t\t\t\t\t\t\t\t\t\t\t<\/div>\t\n\t\t<\/div>\n\t<\/div>\t\n\n<\/div>\n\t\t<\/div>\n\t\t\t\t<\/div>\n\t\t\t\t\t<\/div>\n\t\t<\/div>\n\t\t\t\t\t<\/div>\n\t\t<\/section>\n\t\t\t\t\t<\/div>\n\t\t<\/div>\n\t\t\t\t\t<\/div>\n\t\t<\/section>\n\t\t\t\t<\/div>\n\t\t","protected":false},"excerpt":{"rendered":"<p>\u015eantiye Proje M\u00fchendislik G\u00f6rselle\u015ftirme Maket<\/p>\n","protected":false},"author":1,"featured_media":0,"parent":0,"menu_order":0,"comment_status":"closed","ping_status":"closed","template":"","meta":{"footnotes":""},"class_list":["post-11421","page","type-page","status-publish","hentry"],"_links":{"self":[{"href":"https:\/\/www.eccegroup.com.tr\/tr\/index.php\/wp-json\/wp\/v2\/pages\/11421","targetHints":{"allow":["GET"]}}],"collection":[{"href":"https:\/\/www.eccegroup.com.tr\/tr\/index.php\/wp-json\/wp\/v2\/pages"}],"about":[{"href":"https:\/\/www.eccegroup.com.tr\/tr\/index.php\/wp-json\/wp\/v2\/types\/page"}],"author":[{"embeddable":true,"href":"https:\/\/www.eccegroup.com.tr\/tr\/index.php\/wp-json\/wp\/v2\/users\/1"}],"replies":[{"embeddable":true,"href":"https:\/\/www.eccegroup.com.tr\/tr\/index.php\/wp-json\/wp\/v2\/comments?post=11421"}],"version-history":[{"count":256,"href":"https:\/\/www.eccegroup.com.tr\/tr\/index.php\/wp-json\/wp\/v2\/pages\/11421\/revisions"}],"predecessor-version":[{"id":15319,"href":"https:\/\/www.eccegroup.com.tr\/tr\/index.php\/wp-json\/wp\/v2\/pages\/11421\/revisions\/15319"}],"wp:attachment":[{"href":"https:\/\/www.eccegroup.com.tr\/tr\/index.php\/wp-json\/wp\/v2\/media?parent=11421"}],"curies":[{"name":"wp","href":"https:\/\/api.w.org\/{rel}","templated":true}]}}