{"id":11563,"date":"2022-07-21T00:38:16","date_gmt":"2022-07-20T21:38:16","guid":{"rendered":"https:\/\/www.eccegroup.com.tr\/tr\/?page_id=11563"},"modified":"2024-06-25T01:50:19","modified_gmt":"2024-06-24T22:50:19","slug":"farkliliklar","status":"publish","type":"page","link":"https:\/\/www.eccegroup.com.tr\/tr\/index.php\/farkliliklar\/","title":{"rendered":"Farkl\u0131l\u0131klar"},"content":{"rendered":"\t\t<div data-elementor-type=\"wp-page\" data-elementor-id=\"11563\" class=\"elementor elementor-11563\" data-elementor-post-type=\"page\">\n\t\t\t\t\t\t<section class=\"elementor-section elementor-top-section elementor-element elementor-element-26974f79 tm-column-break-ipad-no tm-col-stretched-none elementor-section-boxed elementor-section-height-default elementor-section-height-default\" data-id=\"26974f79\" data-element_type=\"section\">\n\t\t\t\t\t\t<div class=\"elementor-container elementor-column-gap-default\">\n\t\t\t\t\t<div class=\"elementor-column elementor-col-100 elementor-top-column elementor-element elementor-element-6a60d1fb\" data-id=\"6a60d1fb\" data-element_type=\"column\">\n\t\t\t<div class=\"elementor-widget-wrap elementor-element-populated\">\n\t\t\t\t\t\t<div class=\"elementor-element elementor-element-3b29e79 elementor-widget elementor-widget-heading\" data-id=\"3b29e79\" data-element_type=\"widget\" data-widget_type=\"heading.default\">\n\t\t\t\t<div class=\"elementor-widget-container\">\n\t\t\t<style>\/*! elementor - v3.22.0 - 17-06-2024 *\/\n.elementor-heading-title{padding:0;margin:0;line-height:1}.elementor-widget-heading .elementor-heading-title[class*=elementor-size-]>a{color:inherit;font-size:inherit;line-height:inherit}.elementor-widget-heading .elementor-heading-title.elementor-size-small{font-size:15px}.elementor-widget-heading .elementor-heading-title.elementor-size-medium{font-size:19px}.elementor-widget-heading .elementor-heading-title.elementor-size-large{font-size:29px}.elementor-widget-heading .elementor-heading-title.elementor-size-xl{font-size:39px}.elementor-widget-heading .elementor-heading-title.elementor-size-xxl{font-size:59px}<\/style><h4 class=\"elementor-heading-title elementor-size-default\"><b>Kusursuz Y\u00f6netim Sistemi<\/b><\/h4>\t\t<\/div>\n\t\t\t\t<\/div>\n\t\t\t\t<div class=\"elementor-element elementor-element-1bb0b36a elementor-widget elementor-widget-text-editor\" data-id=\"1bb0b36a\" data-element_type=\"widget\" data-widget_type=\"text-editor.default\">\n\t\t\t\t<div class=\"elementor-widget-container\">\n\t\t\t<style>\/*! elementor - v3.22.0 - 17-06-2024 *\/\n.elementor-widget-text-editor.elementor-drop-cap-view-stacked .elementor-drop-cap{background-color:#69727d;color:#fff}.elementor-widget-text-editor.elementor-drop-cap-view-framed .elementor-drop-cap{color:#69727d;border:3px solid;background-color:transparent}.elementor-widget-text-editor:not(.elementor-drop-cap-view-default) .elementor-drop-cap{margin-top:8px}.elementor-widget-text-editor:not(.elementor-drop-cap-view-default) .elementor-drop-cap-letter{width:1em;height:1em}.elementor-widget-text-editor .elementor-drop-cap{float:left;text-align:center;line-height:1;font-size:50px}.elementor-widget-text-editor .elementor-drop-cap-letter{display:inline-block}<\/style>\t\t\t\t<!-- wp:paragraph --><!-- \/wp:paragraph -->\n\n<!-- wp:paragraph -->\n<p>Ecce Group \u0130n\u015faat Y\u00f6netim Sistemi ile proje s\u00fcre\u00e7lerinin h\u0131zl\u0131 ve eksiksiz bir \u015fekilde ilerlemesini sa\u011flar. Y\u00f6netim sisteminde geli\u015fmi\u015f proje y\u00f6netim ara\u00e7lar\u0131n\u0131 kullanarak t\u00fcm projeyi tek bir merkezden, sistemli bir \u015fekilde y\u00f6netir. Proje y\u00f6netim hizmetlerini, kalite y\u00f6netim sisteminin gereklilikleri do\u011frultusunda yerine getirir. Projelerindeki veri ak\u0131\u015f\u0131n\u0131 daha etkin k\u0131lmak i\u00e7in y\u00f6netim sistemini projeye g\u00f6re \u015fekillendirir.<\/p>\n<!-- \/wp:paragraph -->\n\n<!-- wp:paragraph --><!-- \/wp:paragraph -->\n\n<!-- wp:paragraph --><!-- \/wp:paragraph -->\n\n<!-- wp:paragraph --><!-- \/wp:paragraph -->\n\n<!-- wp:paragraph --><!-- \/wp:paragraph -->\n\n<!-- wp:list -->\n<ul>\n<li>Kapsam Y\u00f6netimi<\/li>\n<li>Zaman Y\u00f6netimi<\/li>\n<li>Maliyet Y\u00f6netimi<\/li>\n<li>Kalite Y\u00f6netimi<\/li>\n<li>\u0130nsan Kaynaklar\u0131 Y\u00f6netimi<\/li>\n<li>\u0130leti\u015fim Y\u00f6netimi<\/li>\n<li>Risk Y\u00f6netimi<\/li>\n<\/ul>\n<!-- \/wp:list -->\n\n<!-- wp:paragraph --><!-- \/wp:list -->\t\t\t\t\t\t<\/div>\n\t\t\t\t<\/div>\n\t\t\t\t<div class=\"elementor-element elementor-element-3cbeb8a elementor-widget elementor-widget-heading\" data-id=\"3cbeb8a\" data-element_type=\"widget\" data-widget_type=\"heading.default\">\n\t\t\t\t<div class=\"elementor-widget-container\">\n\t\t\t<h4 class=\"elementor-heading-title elementor-size-default\"><b>Politikalar\u0131m\u0131z<\/b><\/h4>\t\t<\/div>\n\t\t\t\t<\/div>\n\t\t\t\t\t<\/div>\n\t\t<\/div>\n\t\t\t\t\t<\/div>\n\t\t<\/section>\n\t\t\t\t<section class=\"elementor-section elementor-top-section elementor-element elementor-element-6871fec tm-column-break-ipad-no tm-col-stretched-none elementor-section-boxed elementor-section-height-default elementor-section-height-default\" data-id=\"6871fec\" data-element_type=\"section\">\n\t\t\t\t\t\t<div class=\"elementor-container elementor-column-gap-default\">\n\t\t\t\t\t<div class=\"elementor-column elementor-col-100 elementor-top-column elementor-element elementor-element-7b3d87c\" data-id=\"7b3d87c\" data-element_type=\"column\">\n\t\t\t<div class=\"elementor-widget-wrap elementor-element-populated\">\n\t\t\t\t\t\t<div class=\"elementor-element elementor-element-23dfa36 tm-align-left elementor-widget elementor-widget-tm_staticbox_element\" data-id=\"23dfa36\" data-element_type=\"widget\" data-widget_type=\"tm_staticbox_element.default\">\n\t\t\t\t<div class=\"elementor-widget-container\">\n\t\t\t\n\t\t<div class=\"tm-element-heading-content-wrapper left-align  tm-seperator-none  tm-heading-style-vertical \"><div class=\"tm-content-header\"><\/div><\/div>\n\t\t<div class=\"themetechmount-stepboxes-wrapper tm-staticbox-style2 row multi-columns-row\">\n\n\t\t\n\t\t<div class=\"tm-stepbox col-md-20percent\"><div class=\"tm-stepbox-content\">\n\t<div class=\"tm-top-contentbox\">\n\t    \t<\/div>\n\t<div class=\"tm-steps-seperator\"><span class=\"tm-sepeline\"><\/span><\/div>\n\t<div class=\"tm-bottom-contentbox\">\n\t\t    <div class=\"tm-box-title\"><h4>S\u00fcrd\u00fcr\u00fclebilirlik<\/h4><\/div>\t\t    \t<\/div>\n<\/div><\/div><div class=\"tm-stepbox col-md-20percent\"><div class=\"tm-stepbox-content\">\n\t<div class=\"tm-top-contentbox\">\n\t    \t<\/div>\n\t<div class=\"tm-steps-seperator\"><span class=\"tm-sepeline\"><\/span><\/div>\n\t<div class=\"tm-bottom-contentbox\">\n\t\t    <div class=\"tm-box-title\"><h4>Kalite<\/h4><\/div>\t\t    \t<\/div>\n<\/div><\/div><div class=\"tm-stepbox col-md-20percent\"><div class=\"tm-stepbox-content\">\n\t<div class=\"tm-top-contentbox\">\n\t    \t<\/div>\n\t<div class=\"tm-steps-seperator\"><span class=\"tm-sepeline\"><\/span><\/div>\n\t<div class=\"tm-bottom-contentbox\">\n\t\t    <div class=\"tm-box-title\"><h4>\u00c7evre<\/h4><\/div>\t\t    \t<\/div>\n<\/div><\/div><div class=\"tm-stepbox col-md-20percent\"><div class=\"tm-stepbox-content\">\n\t<div class=\"tm-top-contentbox\">\n\t    \t<\/div>\n\t<div class=\"tm-steps-seperator\"><span class=\"tm-sepeline\"><\/span><\/div>\n\t<div class=\"tm-bottom-contentbox\">\n\t\t    <div class=\"tm-box-title\"><h4>\u0130\u015f Sa\u011fl\u0131\u011f\u0131 ve G\u00fcvenli\u011fi<\/h4><\/div>\t\t    \t<\/div>\n<\/div><\/div><div class=\"tm-stepbox col-md-20percent\"><div class=\"tm-stepbox-content\">\n\t<div class=\"tm-top-contentbox\">\n\t    \t<\/div>\n\t<div class=\"tm-steps-seperator\"><span class=\"tm-sepeline\"><\/span><\/div>\n\t<div class=\"tm-bottom-contentbox\">\n\t\t    <div class=\"tm-box-title\"><h4>G\u00fcvenlik<\/h4><\/div>\t\t    \t<\/div>\n<\/div><\/div>\n\t\t<\/div>\n\n\t    \t\t<\/div>\n\t\t\t\t<\/div>\n\t\t\t\t\t<\/div>\n\t\t<\/div>\n\t\t\t\t\t<\/div>\n\t\t<\/section>\n\t\t\t\t<section class=\"elementor-section elementor-top-section elementor-element elementor-element-e14de55 tm-column-break-ipad-no tm-col-stretched-none elementor-section-boxed elementor-section-height-default elementor-section-height-default\" data-id=\"e14de55\" data-element_type=\"section\">\n\t\t\t\t\t\t<div class=\"elementor-container elementor-column-gap-default\">\n\t\t\t\t\t<div class=\"elementor-column elementor-col-50 elementor-top-column elementor-element elementor-element-01788cc\" data-id=\"01788cc\" data-element_type=\"column\">\n\t\t\t<div class=\"elementor-widget-wrap elementor-element-populated\">\n\t\t\t\t\t\t<div class=\"elementor-element elementor-element-064e8fc elementor-widget elementor-widget-image\" data-id=\"064e8fc\" data-element_type=\"widget\" data-widget_type=\"image.default\">\n\t\t\t\t<div class=\"elementor-widget-container\">\n\t\t\t<style>\/*! elementor - v3.22.0 - 17-06-2024 *\/\n.elementor-widget-image{text-align:center}.elementor-widget-image a{display:inline-block}.elementor-widget-image a img[src$=\".svg\"]{width:48px}.elementor-widget-image img{vertical-align:middle;display:inline-block}<\/style>\t\t\t\t\t\t\t\t\t\t<img fetchpriority=\"high\" decoding=\"async\" width=\"212\" height=\"300\" src=\"https:\/\/www.eccegroup.com.tr\/tr\/wp-content\/uploads\/2024\/06\/ECCE-GROUP_ISO-9001-212x300.jpg\" class=\"attachment-medium size-medium wp-image-15584\" alt=\"\" srcset=\"https:\/\/www.eccegroup.com.tr\/tr\/wp-content\/uploads\/2024\/06\/ECCE-GROUP_ISO-9001-212x300.jpg 212w, https:\/\/www.eccegroup.com.tr\/tr\/wp-content\/uploads\/2024\/06\/ECCE-GROUP_ISO-9001-725x1024.jpg 725w, https:\/\/www.eccegroup.com.tr\/tr\/wp-content\/uploads\/2024\/06\/ECCE-GROUP_ISO-9001-768x1085.jpg 768w, https:\/\/www.eccegroup.com.tr\/tr\/wp-content\/uploads\/2024\/06\/ECCE-GROUP_ISO-9001-1087x1536.jpg 1087w, https:\/\/www.eccegroup.com.tr\/tr\/wp-content\/uploads\/2024\/06\/ECCE-GROUP_ISO-9001-1449x2048.jpg 1449w, https:\/\/www.eccegroup.com.tr\/tr\/wp-content\/uploads\/2024\/06\/ECCE-GROUP_ISO-9001.jpg 1653w\" sizes=\"(max-width: 212px) 100vw, 212px\" data-id=\"15584\" \/>\t\t\t\t\t\t\t\t\t\t\t\t\t<\/div>\n\t\t\t\t<\/div>\n\t\t\t\t\t<\/div>\n\t\t<\/div>\n\t\t\t\t<div class=\"elementor-column elementor-col-50 elementor-top-column elementor-element elementor-element-c55d178\" data-id=\"c55d178\" data-element_type=\"column\">\n\t\t\t<div class=\"elementor-widget-wrap elementor-element-populated\">\n\t\t\t\t\t\t<div class=\"elementor-element elementor-element-f895267 elementor-widget elementor-widget-text-editor\" data-id=\"f895267\" data-element_type=\"widget\" data-widget_type=\"text-editor.default\">\n\t\t\t\t<div class=\"elementor-widget-container\">\n\t\t\t\t\t\t\t<p><strong><u>Kalite Politikam\u0131z<\/u><\/strong><br \/>Amac\u0131m\u0131z, ulusal ve uluslararas\u0131 m\u00fc\u015fterilerimizin yat\u0131r\u0131mlar\u0131n\u0131, hedefledikleri \u00e7evresel, toplumsal ve finansal ama\u00e7lara uygun, en son uluslararas\u0131 m\u00fchendislik ve m\u00fc\u015favirlik geli\u015fmelerini, benzer yat\u0131r\u0131mlarda edindi\u011fimiz deneyimlerimiz ve nitelikli \u00e7al\u0131\u015fanlar\u0131m\u0131z ile birle\u015ftirip, en \u00fcst seviyedeki m\u00fchendislik ve\/veya m\u00fc\u015favirlik hizmetlerini sa\u011flayarak, m\u00fc\u015fterilerimizin projelerini ger\u00e7ekle\u015ftirmelerine katk\u0131 sa\u011flamakt\u0131r.<\/p>\n<p>Bu ama\u00e7 \u00e7er\u00e7evesinde; Ecce Group sa\u011flad\u0131\u011f\u0131 hizmetlerde, hedefledi\u011fi kalite ve hizmet anlay\u0131\u015f\u0131na ula\u015fabilmek i\u00e7in, yasal mevzuatlar \u00e7er\u00e7evesinde ISO 9001:2015 kalite y\u00f6netim sistemi gereklerini sadece hizmet esnas\u0131nda de\u011fil, yat\u0131r\u0131m\u0131n faaliyete ge\u00e7mesinden sonra da sa\u011flam\u0131\u015f oldu\u011fu hizmetlerin \u00e7evresel, toplumsal ve ekonomik t\u00fcm olumlu-olumsuz etkilerini izleyip, buradan elde etti\u011fi verileri kullanarak hizmeti s\u0131ras\u0131nda kullanm\u0131\u015f oldu\u011fu m\u00fchendislik ve m\u00fc\u015favirlik metodlar\u0131n\u0131 s\u00fcrekli geli\u015ftirip uygulamay\u0131, uygulanabilir \u015fartlar\u0131 yerine getirmeyi ve bu anlay\u0131\u015f\u0131n\u0131 t\u00fcm ekiplerine benimsetmeyi hedefler.<\/p>\t\t\t\t\t\t<\/div>\n\t\t\t\t<\/div>\n\t\t\t\t\t<\/div>\n\t\t<\/div>\n\t\t\t\t\t<\/div>\n\t\t<\/section>\n\t\t\t\t<section class=\"elementor-section elementor-top-section elementor-element elementor-element-b90d096 tm-column-break-ipad-no tm-col-stretched-none elementor-section-boxed elementor-section-height-default elementor-section-height-default\" data-id=\"b90d096\" data-element_type=\"section\">\n\t\t\t\t\t\t<div class=\"elementor-container elementor-column-gap-default\">\n\t\t\t\t\t<div class=\"elementor-column elementor-col-100 elementor-top-column elementor-element elementor-element-2922aca\" data-id=\"2922aca\" data-element_type=\"column\">\n\t\t\t<div class=\"elementor-widget-wrap elementor-element-populated\">\n\t\t\t\t\t\t<div class=\"elementor-element elementor-element-bb0d9a5 elementor-widget elementor-widget-text-editor\" data-id=\"bb0d9a5\" data-element_type=\"widget\" data-widget_type=\"text-editor.default\">\n\t\t\t\t<div class=\"elementor-widget-container\">\n\t\t\t\t\t\t\t<p><strong><u>\u00c7evre Politikam\u0131z<\/u><\/strong><br \/>Sosyal sorumluluklar\u0131m\u0131z\u0131n bilincinde ve \u00e7evreye duyarl\u0131 bir firma olarak;<\/p>\n<ul>\n<li>S\u00fcrekli geli\u015fme ve iyile\u015fme prensibini esas alarak, \u00fcr\u00fcn ve faaliyetlerimizi, olu\u015fabilecek \u00e7evre kirlili\u011fini \u00f6nleyecek \u015fekilde planlamay\u0131 ve uygulamay\u0131,<\/li>\n<li>Faaliyetlerimiz sonucu ortaya \u00e7\u0131kan ve \u00e7evreye zarar verebilecek her t\u00fcrl\u00fc tehlikeli at\u0131k ve kirlilik yaratan emisyonu etkin bi\u00e7imde kontrol alt\u0131nda tutmay\u0131,<\/li>\n<li>Do\u011fal kaynaklar\u0131 etkin ve verimli kullanmay\u0131, geri d\u00f6n\u00fc\u015f\u00fcm imkan\u0131 olan malzemelerin yeniden kullan\u0131m\u0131n\u0131 sa\u011flamay\u0131,<\/li>\n<li>\u00c7al\u0131\u015fanlar\u0131m\u0131z\u0131n ve tedarik\u00e7ilerimizin \u00e7evre bilincinin artt\u0131r\u0131lmas\u0131na y\u00f6nelik \u00e7al\u0131\u015fmalar ve iyile\u015ftirmeler yapmay\u0131,<\/li>\n<li>Olu\u015fan \u00e7evre boyutlar\u0131yla ba\u011flant\u0131l\u0131 yasal sorumluluklar\u0131n\u0131 yerine getirmeyi,<\/li>\u00e7evre politikam\u0131z\u0131n temel ilkeleri olarak benimseyerek, faaliyetlerimizin her a\u015famas\u0131nda bu ilkeleri g\u00f6zeterek \u00e7al\u0131\u015fmay\u0131 hedefliyoruz.\n<\/ul>\n<p><strong><u>\u0130\u015f Sa\u011fl\u0131\u011f\u0131 ve G\u00fcvenli\u011fi Politikam\u0131z<\/u><\/strong><br \/>Kurulu\u015f ama\u00e7lar\u0131na ve i\u015f ili\u015fkisinde bulundu\u011fu t\u00fcm taraflara uygun olarak insan\u0131 en de\u011ferli varl\u0131\u011f\u0131 olarak kabul eder ve daha g\u00fcvenli ve sa\u011fl\u0131kl\u0131 bir \u00e7al\u0131\u015fma ortam\u0131 yaratmay\u0131 \u00f6ncelikli i\u015f hedefi olarak benimseriz.<br \/>\u0130\u015f Sa\u011fl\u0131\u011f\u0131 ve G\u00fcvenli\u011fi y\u00f6netim sistemi performans\u0131m\u0131z\u0131 artt\u0131rmak i\u00e7in;<\/p>\n<ul>\n<li>Belirlemi\u015f oldu\u011fumuz ama\u00e7 ve hedeflermizde i\u015f kazas\u0131 ve meslek hastal\u0131klar\u0131n\u0131 \u00f6nlemeyi,<\/li>\n<li>Y\u00fck\u00fcml\u00fcl\u00fc\u011f\u00fcm\u00fcz olan t\u00fcm yasal ve di\u011fer gerekliliklere uygunlu\u011fu sa\u011flamay\u0131,<\/li>\n<li>Kurulu\u015fumuzun faaliyetlerinden ve i\u015fyerleri d\u0131\u015f\u0131ndan kaynaklanan tehlike, riskleri ve f\u0131rsatlar\u0131 belirleyerek de\u011ferlendirmeyi,<\/li>\n<li>Tehlikeleri ve risklerin ortadan kald\u0131r\u0131lmas\u0131 i\u00e7in kayna\u011f\u0131nda m\u00fccadele etmeyi,<\/li>\n<li>T\u00fcm taraf ve payda\u015flar\u0131m\u0131z i\u00e7in koruyucu ve \u00f6nleyici tedbirleri almay\u0131,<\/li>\n<li>T\u00fcm faaliyetlerimizdeki \u00e7al\u0131\u015fanlar\u0131m\u0131z\u0131n ve \u00e7al\u0131\u015fan temsilcilerimizin \u00f6neri ve g\u00f6r\u00fc\u015flerini s\u00fcrekli iyile\u015ftirmenin en \u00f6nemli kayna\u011f\u0131 olarak kullanmay\u0131,<\/li>\n<li>T\u00fcm \u00e7al\u0131\u015fan ve payda\u015flar\u0131m\u0131z\u0131n i\u015f sa\u011fl\u0131\u011f\u0131 ve g\u00fcvenli\u011fi fark\u0131ndal\u0131klar\u0131n\u0131 artt\u0131rmay\u0131,<\/li>\n<li>Periyodik olarak hedefler ve g\u00f6zden ge\u00e7irmelerle i\u015f sa\u011fl\u0131\u011f\u0131 ve g\u00fcvenli\u011fi y\u00f6netim sistemimizi s\u00fcrekli iyile\u015ftirerek ger\u00e7ekle\u015ftirmeyi,<\/li>hedefliyoruz.<\/ul>\t\t\t\t\t\t<\/div>\n\t\t\t\t<\/div>\n\t\t\t\t\t<\/div>\n\t\t<\/div>\n\t\t\t\t\t<\/div>\n\t\t<\/section>\n\t\t\t\t<\/div>\n\t\t","protected":false},"excerpt":{"rendered":"<p>Kusursuz Y\u00f6netim Sistemi Ecce Group \u0130n\u015faat Y\u00f6netim Sistemi ile proje s\u00fcre\u00e7lerinin h\u0131zl\u0131 ve eksiksiz bir \u015fekilde ilerlemesini sa\u011flar. Y\u00f6netim sisteminde geli\u015fmi\u015f proje y\u00f6netim ara\u00e7lar\u0131n\u0131 kullanarak t\u00fcm projeyi tek bir merkezden, sistemli bir \u015fekilde y\u00f6netir. Proje y\u00f6netim hizmetlerini, kalite y\u00f6netim sisteminin gereklilikleri do\u011frultusunda yerine getirir. Projelerindeki veri ak\u0131\u015f\u0131n\u0131 daha etkin k\u0131lmak i\u00e7in y\u00f6netim sistemini projeye g\u00f6re &hellip; <a href=\"https:\/\/www.eccegroup.com.tr\/tr\/index.php\/farkliliklar\/\" class=\"more-link\">Continue reading <span class=\"screen-reader-text\">Farkl\u0131l\u0131klar<\/span><\/a><\/p>\n","protected":false},"author":1,"featured_media":0,"parent":0,"menu_order":0,"comment_status":"closed","ping_status":"closed","template":"","meta":{"footnotes":""},"class_list":["post-11563","page","type-page","status-publish","hentry"],"_links":{"self":[{"href":"https:\/\/www.eccegroup.com.tr\/tr\/index.php\/wp-json\/wp\/v2\/pages\/11563","targetHints":{"allow":["GET"]}}],"collection":[{"href":"https:\/\/www.eccegroup.com.tr\/tr\/index.php\/wp-json\/wp\/v2\/pages"}],"about":[{"href":"https:\/\/www.eccegroup.com.tr\/tr\/index.php\/wp-json\/wp\/v2\/types\/page"}],"author":[{"embeddable":true,"href":"https:\/\/www.eccegroup.com.tr\/tr\/index.php\/wp-json\/wp\/v2\/users\/1"}],"replies":[{"embeddable":true,"href":"https:\/\/www.eccegroup.com.tr\/tr\/index.php\/wp-json\/wp\/v2\/comments?post=11563"}],"version-history":[{"count":119,"href":"https:\/\/www.eccegroup.com.tr\/tr\/index.php\/wp-json\/wp\/v2\/pages\/11563\/revisions"}],"predecessor-version":[{"id":15652,"href":"https:\/\/www.eccegroup.com.tr\/tr\/index.php\/wp-json\/wp\/v2\/pages\/11563\/revisions\/15652"}],"wp:attachment":[{"href":"https:\/\/www.eccegroup.com.tr\/tr\/index.php\/wp-json\/wp\/v2\/media?parent=11563"}],"curies":[{"name":"wp","href":"https:\/\/api.w.org\/{rel}","templated":true}]}}