{"id":11615,"date":"2022-07-21T02:47:59","date_gmt":"2022-07-20T23:47:59","guid":{"rendered":"https:\/\/www.eccegroup.com.tr\/tr\/?page_id=11615"},"modified":"2022-07-23T22:27:51","modified_gmt":"2022-07-23T19:27:51","slug":"gizlilik-ve-cerez-politikalari","status":"publish","type":"page","link":"https:\/\/www.eccegroup.com.tr\/tr\/index.php\/gizlilik-ve-cerez-politikalari\/","title":{"rendered":"\u00c7erez Politikalar\u0131"},"content":{"rendered":"\t\t<div data-elementor-type=\"wp-page\" data-elementor-id=\"11615\" class=\"elementor elementor-11615\" data-elementor-post-type=\"page\">\n\t\t\t\t\t\t<section class=\"elementor-section elementor-top-section elementor-element elementor-element-2f8d0e3e tm-column-break-ipad-no tm-col-stretched-none elementor-section-boxed elementor-section-height-default elementor-section-height-default\" data-id=\"2f8d0e3e\" data-element_type=\"section\">\n\t\t\t\t\t\t<div class=\"elementor-container elementor-column-gap-default\">\n\t\t\t\t\t<div class=\"elementor-column elementor-col-100 elementor-top-column elementor-element elementor-element-6df09e49\" data-id=\"6df09e49\" data-element_type=\"column\">\n\t\t\t<div class=\"elementor-widget-wrap elementor-element-populated\">\n\t\t\t\t\t\t<div class=\"elementor-element elementor-element-3966e00f elementor-widget elementor-widget-text-editor\" data-id=\"3966e00f\" data-element_type=\"widget\" data-widget_type=\"text-editor.default\">\n\t\t\t\t<div class=\"elementor-widget-container\">\n\t\t\t<style>\/*! elementor - v3.22.0 - 17-06-2024 *\/\n.elementor-widget-text-editor.elementor-drop-cap-view-stacked .elementor-drop-cap{background-color:#69727d;color:#fff}.elementor-widget-text-editor.elementor-drop-cap-view-framed .elementor-drop-cap{color:#69727d;border:3px solid;background-color:transparent}.elementor-widget-text-editor:not(.elementor-drop-cap-view-default) .elementor-drop-cap{margin-top:8px}.elementor-widget-text-editor:not(.elementor-drop-cap-view-default) .elementor-drop-cap-letter{width:1em;height:1em}.elementor-widget-text-editor .elementor-drop-cap{float:left;text-align:center;line-height:1;font-size:50px}.elementor-widget-text-editor .elementor-drop-cap-letter{display:inline-block}<\/style>\t\t\t\t<!-- wp:heading {\"level\":3} -->\n<h3><strong>\u00c7erez Politikalar\u0131<\/strong><\/h3>\n<!-- \/wp:heading --><!-- wp:paragraph -->\n<p>Bu Cookie Uygulamalar\u0131 Politikas\u0131; Ecce Group taraf\u0131ndan veya onlar ad\u0131na y\u00fcr\u00fct\u00fclen t\u00fcm web siteleri, \u00fc\u00e7\u00fcnc\u00fc parti platformlardaki markal\u0131 web siteleri (Facebook ve YouTube gibi), ve bu web siteleri veya \u00fc\u00e7\u00fcnc\u00fc parti programlar \u00fczerinden eri\u015filen veya kullan\u0131lan uygulamalar i\u00e7in ge\u00e7erlidir.<\/p>\n<!-- \/wp:paragraph --><!-- wp:paragraph -->\n<p>Ecce Group sitelerini kullanarak, cookie\u2019lerin bu Cookie Uygulamalar\u0131 Politikas\u0131 ile uyumlu \u015fekilde kullan\u0131lmas\u0131na onay vermi\u015f olursunuz. E\u011fer cookie\u2019lerin bu \u015fekilde kullan\u0131lmas\u0131n\u0131 istemiyorsan\u0131z, taray\u0131c\u0131n\u0131z\u0131n ayarlar\u0131n\u0131 d\u00fczenlemeli veya Ecce Group sitelerini kullanmamal\u0131s\u0131n\u0131z. Kulland\u0131\u011f\u0131m\u0131z cookie\u2019leri devre d\u0131\u015f\u0131 b\u0131rakmak, Ecce Group sitelerindeki kullan\u0131c\u0131 deneyiminizi etkileyebilir.<\/p>\n<!-- \/wp:paragraph --><!-- wp:paragraph -->\n<p><strong>Cookie Uygulamalar\u0131 Nelerdir?<\/strong><\/p>\n<!-- \/wp:paragraph --><!-- wp:paragraph -->\n<p>Cookie\u2019ler, bir Ecce Group sitesini ziyaret etti\u011finizde bilgisayar\u0131n\u0131zda (veya ak\u0131ll\u0131 telefonlar ve tabletler gibi internet \u00f6zellikli di\u011fer cihazlarda) depolanabilecek dosyalar veya bilgi par\u00e7ac\u0131klar\u0131d\u0131r. Bir cookie genellikle; al\u0131nd\u0131\u011f\u0131 web sitesinin ad\u0131n\u0131, cookie\u2019nin \u201c\u00f6mr\u00fcn\u00fc\u201d (\u00f6r. cihaz\u0131n\u0131zda ne kadar s\u00fcreyle tutulaca\u011f\u0131), ve genellikle tesad\u00fcfi \u015fekilde olu\u015fturulan kendine \u00f6zg\u00fc bir say\u0131 de\u011feri i\u00e7erir.<\/p>\n<!-- \/wp:paragraph --><!-- wp:paragraph -->\n<p><strong>Cookie\u2019leri ne ama\u00e7la kullan\u0131r\u0131z?<\/strong><\/p>\n<!-- \/wp:paragraph --><!-- wp:paragraph -->\n<p>Cookie\u2019leri; Ecce Group sitelerinin kullan\u0131m\u0131n\u0131 kolayla\u015ft\u0131rmak, Ecce Group sitelerini ve \u00fcr\u00fcnlerimizi ilgi ve ihtiya\u00e7lar\u0131n\u0131z do\u011frultusunda daha iyi bir \u015fekilde \u00f6zelle\u015ftirmek amac\u0131yla kullan\u0131r\u0131z. Cookie\u2019ler ayn\u0131 zamanda gelecekte sitelerimiz \u00fczerinde ger\u00e7ekle\u015ftirece\u011finiz faaliyet ve deneyimleri h\u0131zland\u0131rmak amac\u0131yla da kullan\u0131labilir. Ayr\u0131ca cookie\u2019leri, insanlar\u0131n sitelerimizi nas\u0131l kulland\u0131klar\u0131n\u0131 anlamam\u0131z\u0131 sa\u011flayan isimsiz ve toplu istatistiki verileri bir araya getirmemize ve sitelerimizin yap\u0131lar\u0131n\u0131 ve i\u00e7eriklerini geli\u015ftirmemize yard\u0131mc\u0131 olmalar\u0131 amac\u0131yla kullanmaktay\u0131z. Bu veriler, sizin kimli\u011finizi tan\u0131mlamam\u0131z\u0131 sa\u011flayabilecek bilgiler de\u011fildir.<\/p>\n<!-- \/wp:paragraph --><!-- wp:paragraph -->\n<p>Ecce Group, Gizlilik \u015eartlar\u0131 \u00fczerinde \u00f6nceden bildirimde bulunmaks\u0131z\u0131n de\u011fi\u015fiklik yapma hakk\u0131n\u0131 sakl\u0131 tutar.<\/p>\n<!-- \/wp:paragraph -->\t\t\t\t\t\t<\/div>\n\t\t\t\t<\/div>\n\t\t\t\t\t<\/div>\n\t\t<\/div>\n\t\t\t\t\t<\/div>\n\t\t<\/section>\n\t\t\t\t<\/div>\n\t\t","protected":false},"excerpt":{"rendered":"<p>\u00c7erez Politikalar\u0131 Bu Cookie Uygulamalar\u0131 Politikas\u0131; Ecce Group taraf\u0131ndan veya onlar ad\u0131na y\u00fcr\u00fct\u00fclen t\u00fcm web siteleri, \u00fc\u00e7\u00fcnc\u00fc parti platformlardaki markal\u0131 web siteleri (Facebook ve YouTube gibi), ve bu web siteleri veya \u00fc\u00e7\u00fcnc\u00fc parti programlar \u00fczerinden eri\u015filen veya kullan\u0131lan uygulamalar i\u00e7in ge\u00e7erlidir. Ecce Group sitelerini kullanarak, cookie\u2019lerin bu Cookie Uygulamalar\u0131 Politikas\u0131 ile uyumlu \u015fekilde kullan\u0131lmas\u0131na onay &hellip; <a href=\"https:\/\/www.eccegroup.com.tr\/tr\/index.php\/gizlilik-ve-cerez-politikalari\/\" class=\"more-link\">Continue reading <span class=\"screen-reader-text\">\u00c7erez Politikalar\u0131<\/span><\/a><\/p>\n","protected":false},"author":1,"featured_media":0,"parent":0,"menu_order":0,"comment_status":"closed","ping_status":"closed","template":"","meta":{"footnotes":""},"class_list":["post-11615","page","type-page","status-publish","hentry"],"_links":{"self":[{"href":"https:\/\/www.eccegroup.com.tr\/tr\/index.php\/wp-json\/wp\/v2\/pages\/11615","targetHints":{"allow":["GET"]}}],"collection":[{"href":"https:\/\/www.eccegroup.com.tr\/tr\/index.php\/wp-json\/wp\/v2\/pages"}],"about":[{"href":"https:\/\/www.eccegroup.com.tr\/tr\/index.php\/wp-json\/wp\/v2\/types\/page"}],"author":[{"embeddable":true,"href":"https:\/\/www.eccegroup.com.tr\/tr\/index.php\/wp-json\/wp\/v2\/users\/1"}],"replies":[{"embeddable":true,"href":"https:\/\/www.eccegroup.com.tr\/tr\/index.php\/wp-json\/wp\/v2\/comments?post=11615"}],"version-history":[{"count":12,"href":"https:\/\/www.eccegroup.com.tr\/tr\/index.php\/wp-json\/wp\/v2\/pages\/11615\/revisions"}],"predecessor-version":[{"id":12247,"href":"https:\/\/www.eccegroup.com.tr\/tr\/index.php\/wp-json\/wp\/v2\/pages\/11615\/revisions\/12247"}],"wp:attachment":[{"href":"https:\/\/www.eccegroup.com.tr\/tr\/index.php\/wp-json\/wp\/v2\/media?parent=11615"}],"curies":[{"name":"wp","href":"https:\/\/api.w.org\/{rel}","templated":true}]}}