{"id":11617,"date":"2022-07-21T02:48:51","date_gmt":"2022-07-20T23:48:51","guid":{"rendered":"https:\/\/www.eccegroup.com.tr\/tr\/?page_id=11617"},"modified":"2022-07-21T17:54:59","modified_gmt":"2022-07-21T14:54:59","slug":"kvkk-ve-aydinlatma-metni","status":"publish","type":"page","link":"https:\/\/www.eccegroup.com.tr\/tr\/index.php\/kvkk-ve-aydinlatma-metni\/","title":{"rendered":"Kullan\u0131m Ko\u015fullar\u0131"},"content":{"rendered":"\t\t<div data-elementor-type=\"wp-page\" data-elementor-id=\"11617\" class=\"elementor elementor-11617\" data-elementor-post-type=\"page\">\n\t\t\t\t\t\t<section class=\"elementor-section elementor-top-section elementor-element elementor-element-27704cc tm-column-break-ipad-no tm-col-stretched-none elementor-section-boxed elementor-section-height-default elementor-section-height-default\" data-id=\"27704cc\" data-element_type=\"section\">\n\t\t\t\t\t\t<div class=\"elementor-container elementor-column-gap-default\">\n\t\t\t\t\t<div class=\"elementor-column elementor-col-100 elementor-top-column elementor-element elementor-element-35058a7\" data-id=\"35058a7\" data-element_type=\"column\">\n\t\t\t<div class=\"elementor-widget-wrap elementor-element-populated\">\n\t\t\t\t\t\t<div class=\"elementor-element elementor-element-153bef75 elementor-widget elementor-widget-text-editor\" data-id=\"153bef75\" data-element_type=\"widget\" data-widget_type=\"text-editor.default\">\n\t\t\t\t<div class=\"elementor-widget-container\">\n\t\t\t<style>\/*! elementor - v3.22.0 - 17-06-2024 *\/\n.elementor-widget-text-editor.elementor-drop-cap-view-stacked .elementor-drop-cap{background-color:#69727d;color:#fff}.elementor-widget-text-editor.elementor-drop-cap-view-framed .elementor-drop-cap{color:#69727d;border:3px solid;background-color:transparent}.elementor-widget-text-editor:not(.elementor-drop-cap-view-default) .elementor-drop-cap{margin-top:8px}.elementor-widget-text-editor:not(.elementor-drop-cap-view-default) .elementor-drop-cap-letter{width:1em;height:1em}.elementor-widget-text-editor .elementor-drop-cap{float:left;text-align:center;line-height:1;font-size:50px}.elementor-widget-text-editor .elementor-drop-cap-letter{display:inline-block}<\/style>\t\t\t\t<!-- wp:heading {\"level\":3} -->\n<h3><strong>Kullan\u0131m Ko\u015fullar\u0131<\/strong><\/h3>\n<!-- \/wp:heading --><!-- wp:paragraph -->\n<p>Ecce Group, ilke olarak, ziyaret\u00e7ileri taraf\u0131ndan sitemize sunulan ki\u015fisel verileri (ad\u0131n\u0131z, elektronik posta adresiniz, i\u015f ve \u00f6zel adresiniz ve telefon numaran\u0131z) \u00fc\u00e7\u00fcnc\u00fc ki\u015filere satmaz, kiralayamaz ya da ba\u015fka \u015fekilde kulland\u0131ramaz. Bu bilgiler, olas\u0131 bir kullan\u0131m durumunda taraf\u0131m\u0131zdan size \u00f6nceden bilgi verilmeden ve bilgileri sunarken sizin a\u00e7\u0131k izniniz al\u0131nmadan hi\u00e7bir \u015fekilde do\u011frudan pazarlama ya da siz istemeden izleme amac\u0131yla kullan\u0131lmaz. Ecce Group, sizin izninizle bu bilgileri asa\u011f\u0131daki ama\u00e7lar i\u00e7in kullanacakt\u0131r:<\/p>\n<!-- \/wp:paragraph --><!-- wp:list -->\n<ul>\n<li>Size bas\u0131l\u0131 yay\u0131nlar ya da di\u011fer yaz\u0131\u015fmalar g\u00f6ndermek<\/li>\n<li>Size elektronik posta ile bas\u0131n b\u00fcltenleri ya da bildirimler g\u00f6ndermek<\/li>\n<\/ul>\n<!-- \/wp:list --><!-- wp:paragraph -->\n<p>Ecce Group\u2019a ait olan i\u00e7eri\u011fin izinsiz olarak kullan\u0131lmas\u0131, de\u011fi\u015ftirilmesi, \u00e7o\u011falt\u0131lmas\u0131, kaydedilmesi, \u00f6d\u00fcn\u00e7 verilmesi, iletilmesi gibi eylemler ile Site\u2019nin eri\u015fimine, yaz\u0131l\u0131m\u0131na ve sistemlerine yap\u0131lacak her t\u00fcrl\u00fc m\u00fcdahale yasakt\u0131r.\u00a0Ecce Group bu faaliyetleri tespit etmesi halinde, yasal i\u015flem ba\u015flatma hakk\u0131n\u0131 sakl\u0131 tutar.<\/p>\n<!-- \/wp:paragraph --><!-- wp:paragraph -->\n<p>Ecce Group, \u0130\u00e7erik ile ilgili herhangi bir garanti veya taahh\u00fctte bulunmamaktad\u0131r.<\/p>\n<!-- \/wp:paragraph --><!-- wp:paragraph -->\n<p>Ecce Group hakk\u0131nda yap\u0131lacak her t\u00fcrl\u00fc yorum ve g\u00f6r\u00fc\u015ften dolay\u0131 m\u00fcnhas\u0131ran yorumu yapan ki\u015fi sorumludur.<\/p>\n<!-- \/wp:paragraph --><!-- wp:paragraph -->\n<p>Yorum ve g\u00f6r\u00fc\u015f bildirilmesi esnas\u0131nda payla\u015f\u0131lan ad-soyad ve elektronik posta adresi gibi ki\u015fisel bilgiler Ecce Group taraf\u0131ndan kay\u0131t alt\u0131na al\u0131nmad\u0131\u011f\u0131ndan bu bilgilerin gizli tutulmas\u0131ndan ve g\u00fcvenli\u011finden Ecce Group\u2019un herhangi bir sorumlulu\u011fu yoktur.<\/p>\n<!-- \/wp:paragraph --><!-- wp:paragraph -->\n<p>Ecce Group taraf\u0131ndan sunulan i\u00e7eriklerde di\u011fer internet sitelerine ba\u011flant\u0131 verilebilir. Ecce Group, s\u00f6z konusu ba\u011flant\u0131lar arac\u0131l\u0131\u011f\u0131yla ula\u015f\u0131lan di\u011fer sitelerde yer alan i\u00e7erikler ile ilgili herhangi bir ba\u011flant\u0131s\u0131 olmad\u0131\u011f\u0131 gibi bu i\u00e7eriklere y\u00f6nelik herhangi bir sorumluluk ta\u015f\u0131mamaktad\u0131r. Bu ama\u00e7la ziyaret edilen internet sitelerinin gizlilik ve di\u011fer kullan\u0131m \u015fartlar\u0131n\u0131n g\u00f6zden ge\u00e7irilmesi \u00f6nerilmektedir.<\/p>\n<!-- \/wp:paragraph --><!-- wp:paragraph -->\n<p>Ecce Group, Kullan\u0131m \u015eartlar\u0131 \u00fczerinde \u00f6nceden bildirimde bulunmaks\u0131z\u0131n de\u011fi\u015fiklik yapma hakk\u0131n\u0131 sakl\u0131 tutar.<\/p>\n<!-- \/wp:paragraph -->\t\t\t\t\t\t<\/div>\n\t\t\t\t<\/div>\n\t\t\t\t\t<\/div>\n\t\t<\/div>\n\t\t\t\t\t<\/div>\n\t\t<\/section>\n\t\t\t\t<\/div>\n\t\t","protected":false},"excerpt":{"rendered":"<p>Kullan\u0131m Ko\u015fullar\u0131 Ecce Group, ilke olarak, ziyaret\u00e7ileri taraf\u0131ndan sitemize sunulan ki\u015fisel verileri (ad\u0131n\u0131z, elektronik posta adresiniz, i\u015f ve \u00f6zel adresiniz ve telefon numaran\u0131z) \u00fc\u00e7\u00fcnc\u00fc ki\u015filere satmaz, kiralayamaz ya da ba\u015fka \u015fekilde kulland\u0131ramaz. Bu bilgiler, olas\u0131 bir kullan\u0131m durumunda taraf\u0131m\u0131zdan size \u00f6nceden bilgi verilmeden ve bilgileri sunarken sizin a\u00e7\u0131k izniniz al\u0131nmadan hi\u00e7bir \u015fekilde do\u011frudan pazarlama ya &hellip; <a href=\"https:\/\/www.eccegroup.com.tr\/tr\/index.php\/kvkk-ve-aydinlatma-metni\/\" class=\"more-link\">Continue reading <span class=\"screen-reader-text\">Kullan\u0131m Ko\u015fullar\u0131<\/span><\/a><\/p>\n","protected":false},"author":1,"featured_media":0,"parent":0,"menu_order":0,"comment_status":"closed","ping_status":"closed","template":"","meta":{"footnotes":""},"class_list":["post-11617","page","type-page","status-publish","hentry"],"_links":{"self":[{"href":"https:\/\/www.eccegroup.com.tr\/tr\/index.php\/wp-json\/wp\/v2\/pages\/11617","targetHints":{"allow":["GET"]}}],"collection":[{"href":"https:\/\/www.eccegroup.com.tr\/tr\/index.php\/wp-json\/wp\/v2\/pages"}],"about":[{"href":"https:\/\/www.eccegroup.com.tr\/tr\/index.php\/wp-json\/wp\/v2\/types\/page"}],"author":[{"embeddable":true,"href":"https:\/\/www.eccegroup.com.tr\/tr\/index.php\/wp-json\/wp\/v2\/users\/1"}],"replies":[{"embeddable":true,"href":"https:\/\/www.eccegroup.com.tr\/tr\/index.php\/wp-json\/wp\/v2\/comments?post=11617"}],"version-history":[{"count":17,"href":"https:\/\/www.eccegroup.com.tr\/tr\/index.php\/wp-json\/wp\/v2\/pages\/11617\/revisions"}],"predecessor-version":[{"id":11664,"href":"https:\/\/www.eccegroup.com.tr\/tr\/index.php\/wp-json\/wp\/v2\/pages\/11617\/revisions\/11664"}],"wp:attachment":[{"href":"https:\/\/www.eccegroup.com.tr\/tr\/index.php\/wp-json\/wp\/v2\/media?parent=11617"}],"curies":[{"name":"wp","href":"https:\/\/api.w.org\/{rel}","templated":true}]}}