{"id":12233,"date":"2022-07-23T22:14:22","date_gmt":"2022-07-23T19:14:22","guid":{"rendered":"https:\/\/www.eccegroup.com.tr\/tr\/?page_id=12233"},"modified":"2022-07-23T22:36:40","modified_gmt":"2022-07-23T19:36:40","slug":"ecce-maket-2","status":"publish","type":"page","link":"https:\/\/www.eccegroup.com.tr\/tr\/index.php\/ecce-maket-2\/","title":{"rendered":"Ecce Maket"},"content":{"rendered":"\t\t<div data-elementor-type=\"wp-page\" data-elementor-id=\"12233\" class=\"elementor elementor-12233\" data-elementor-post-type=\"page\">\n\t\t\t\t\t\t<section class=\"elementor-section elementor-top-section elementor-element elementor-element-570c163e tm-column-break-ipad-no tm-col-stretched-none elementor-section-boxed elementor-section-height-default elementor-section-height-default\" data-id=\"570c163e\" data-element_type=\"section\">\n\t\t\t\t\t\t<div class=\"elementor-container elementor-column-gap-default\">\n\t\t\t\t\t<div class=\"elementor-column elementor-col-100 elementor-top-column elementor-element elementor-element-f2e08b6\" data-id=\"f2e08b6\" data-element_type=\"column\">\n\t\t\t<div class=\"elementor-widget-wrap elementor-element-populated\">\n\t\t\t\t\t\t<div class=\"elementor-element elementor-element-3c64e9fe elementor-widget elementor-widget-text-editor\" data-id=\"3c64e9fe\" data-element_type=\"widget\" data-widget_type=\"text-editor.default\">\n\t\t\t\t<div class=\"elementor-widget-container\">\n\t\t\t<style>\/*! elementor - v3.22.0 - 17-06-2024 *\/\n.elementor-widget-text-editor.elementor-drop-cap-view-stacked .elementor-drop-cap{background-color:#69727d;color:#fff}.elementor-widget-text-editor.elementor-drop-cap-view-framed .elementor-drop-cap{color:#69727d;border:3px solid;background-color:transparent}.elementor-widget-text-editor:not(.elementor-drop-cap-view-default) .elementor-drop-cap{margin-top:8px}.elementor-widget-text-editor:not(.elementor-drop-cap-view-default) .elementor-drop-cap-letter{width:1em;height:1em}.elementor-widget-text-editor .elementor-drop-cap{float:left;text-align:center;line-height:1;font-size:50px}.elementor-widget-text-editor .elementor-drop-cap-letter{display:inline-block}<\/style>\t\t\t\t<p><!-- wp:heading --><\/p>\n<h2>Ecce Maket<\/h2>\n<p>\u0130n\u015faat ba\u015flamadan veya devam ederken projenin son halinin canland\u0131r\u0131lmas\u0131nda \u00f6nemli bir rol oynayan mimari maketleri istenen \u00f6l\u00e7e\u011fe, sisteme ve yurt i\u00e7i\/yurt d\u0131\u015f\u0131 sevkiyatlar\u0131na uygun olarak haz\u0131rl\u0131yoruz.<\/p>\n<p><strong>Ecce Maket olarak yapt\u0131klar\u0131m\u0131z:<\/strong><\/p>\n<ul>\n<li>T\u00fcm yap\u0131lar\u0131 \u00f6l\u00e7e\u011fine uygun 2D ve 3D \u00e7izimleri<\/li>\n<li>3D bask\u0131 makinas\u0131ndan \u00f6zel \u00fcretimler<\/li>\n<li>CNC ve lazer makinas\u0131ndan \u00f6zel \u00fcretimler<\/li>\n<li>\u0130nteraktif sabit \u0131\u015f\u0131kland\u0131rma sistemi<\/li>\n<li>El yap\u0131m\u0131 farkl\u0131 ebatlarda a\u011fa\u00e7lar ve peyzaj fig\u00fcrleri<\/li>\n<li>El yap\u0131m\u0131 su \u00f6geleri<\/li>\n<li>I\u015f\u0131kl\u0131 araba ve ayd\u0131nlatma direkleri montajlar\u0131<\/li>\n<\/ul>\n<p><!-- \/wp:list --><\/p>\t\t\t\t\t\t<\/div>\n\t\t\t\t<\/div>\n\t\t\t\t\t<\/div>\n\t\t<\/div>\n\t\t\t\t\t<\/div>\n\t\t<\/section>\n\t\t\t\t<\/div>\n\t\t","protected":false},"excerpt":{"rendered":"<p>Ecce Maket \u0130n\u015faat ba\u015flamadan veya devam ederken projenin son halinin canland\u0131r\u0131lmas\u0131nda \u00f6nemli bir rol oynayan mimari maketleri istenen \u00f6l\u00e7e\u011fe, sisteme ve yurt i\u00e7i\/yurt d\u0131\u015f\u0131 sevkiyatlar\u0131na uygun olarak haz\u0131rl\u0131yoruz. Ecce Maket olarak yapt\u0131klar\u0131m\u0131z: T\u00fcm yap\u0131lar\u0131 \u00f6l\u00e7e\u011fine uygun 2D ve 3D \u00e7izimleri 3D bask\u0131 makinas\u0131ndan \u00f6zel \u00fcretimler CNC ve lazer makinas\u0131ndan \u00f6zel \u00fcretimler \u0130nteraktif sabit \u0131\u015f\u0131kland\u0131rma sistemi &hellip; <a href=\"https:\/\/www.eccegroup.com.tr\/tr\/index.php\/ecce-maket-2\/\" class=\"more-link\">Continue reading <span class=\"screen-reader-text\">Ecce Maket<\/span><\/a><\/p>\n","protected":false},"author":1,"featured_media":0,"parent":0,"menu_order":0,"comment_status":"closed","ping_status":"closed","template":"","meta":{"footnotes":""},"class_list":["post-12233","page","type-page","status-publish","hentry"],"_links":{"self":[{"href":"https:\/\/www.eccegroup.com.tr\/tr\/index.php\/wp-json\/wp\/v2\/pages\/12233","targetHints":{"allow":["GET"]}}],"collection":[{"href":"https:\/\/www.eccegroup.com.tr\/tr\/index.php\/wp-json\/wp\/v2\/pages"}],"about":[{"href":"https:\/\/www.eccegroup.com.tr\/tr\/index.php\/wp-json\/wp\/v2\/types\/page"}],"author":[{"embeddable":true,"href":"https:\/\/www.eccegroup.com.tr\/tr\/index.php\/wp-json\/wp\/v2\/users\/1"}],"replies":[{"embeddable":true,"href":"https:\/\/www.eccegroup.com.tr\/tr\/index.php\/wp-json\/wp\/v2\/comments?post=12233"}],"version-history":[{"count":13,"href":"https:\/\/www.eccegroup.com.tr\/tr\/index.php\/wp-json\/wp\/v2\/pages\/12233\/revisions"}],"predecessor-version":[{"id":12271,"href":"https:\/\/www.eccegroup.com.tr\/tr\/index.php\/wp-json\/wp\/v2\/pages\/12233\/revisions\/12271"}],"wp:attachment":[{"href":"https:\/\/www.eccegroup.com.tr\/tr\/index.php\/wp-json\/wp\/v2\/media?parent=12233"}],"curies":[{"name":"wp","href":"https:\/\/api.w.org\/{rel}","templated":true}]}}