{"id":2710,"date":"2021-03-31T04:26:23","date_gmt":"2021-03-31T04:26:23","guid":{"rendered":"http:\/\/localhost\/decorzo\/?page_id=2710"},"modified":"2024-06-27T18:02:02","modified_gmt":"2024-06-27T15:02:02","slug":"iletisim","status":"publish","type":"page","link":"https:\/\/www.eccegroup.com.tr\/tr\/index.php\/iletisim\/","title":{"rendered":"\u0130leti\u015fim"},"content":{"rendered":"\t\t<div data-elementor-type=\"wp-page\" data-elementor-id=\"2710\" class=\"elementor elementor-2710\" data-elementor-post-type=\"page\">\n\t\t\t\t\t\t<section class=\"elementor-section elementor-top-section elementor-element elementor-element-a158aff elementor-section-stretched tm-2-column-view-tablet tm-column-break-ipad-no tm-col-stretched-none elementor-section-boxed elementor-section-height-default elementor-section-height-default\" data-id=\"a158aff\" data-element_type=\"section\" data-settings=\"{&quot;stretch_section&quot;:&quot;section-stretched&quot;}\">\n\t\t\t\t\t\t<div class=\"elementor-container elementor-column-gap-no\">\n\t\t\t\t\t<div class=\"elementor-column elementor-col-33 elementor-top-column elementor-element elementor-element-32cb4eb\" data-id=\"32cb4eb\" data-element_type=\"column\">\n\t\t\t<div class=\"elementor-widget-wrap elementor-element-populated\">\n\t\t\t\t\t\t<div class=\"elementor-element elementor-element-82dc7cd elementor-widget elementor-widget-tm_icon_heading\" data-id=\"82dc7cd\" data-element_type=\"widget\" data-widget_type=\"tm_icon_heading.default\">\n\t\t\t\t<div class=\"elementor-widget-container\">\n\t\t\t\n<div class=\"themetechmount-iconbox themetechmount-iconbox-stylefive themetechmount-iconcolor-white\">\n<div class=\"themetechmount-iconbox-inner\">\n\t\t<div class=\"tm-iconbox-wrapper\">\n\t\t\t<div class=\"themetechmount-iconbox-icon\">\n\t\t\t<div class=\"tm-box-icon\"><i class=\"kw_inoterior flaticon-navigation\"><\/i><\/div>\t\t\t<\/div>\n\t\t\t<div class=\"themetechmount-iconbox-heading\">\n\t\t\t\t<h2 class=\"tm-custom-heading\">\n\t\t\t\t\t\n\t\t\t\t\t\tD\u00fczce Ofis\n\t\t\t\t\t\n\t\t\t\t\t<\/h2>\n\t\t\t\t\t\t\t\t\t\t\t\t<div class=\"tm-cta3-content-wrapper\">Uzunmustafa Mahallesi\nKuyumcuzade Bulvar\u0131 No:72 Daire:2\/3\nMerkez\/D\u00fczce\n<br>\nTel:\n<a href=\"tel:+903805243223\">+90 380 524 32 23<\/a>\n<br>\nEmail:\n<a href=\"mailto:duzce@eccegroup.com.tr\">duzce@eccegroup.com.tr<\/a><\/div>\t\t\t\t\t\t\t<\/div>\t\n\t\t\t\t\t<\/div>\n\t<\/div>\t\n\n<\/div>\n\t\t<\/div>\n\t\t\t\t<\/div>\n\t\t\t\t\t<\/div>\n\t\t<\/div>\n\t\t\t\t<div class=\"elementor-column elementor-col-33 elementor-top-column elementor-element elementor-element-2cf3ad7\" data-id=\"2cf3ad7\" data-element_type=\"column\">\n\t\t\t<div class=\"elementor-widget-wrap elementor-element-populated\">\n\t\t\t\t\t\t<div class=\"elementor-element elementor-element-8d6601c elementor-widget elementor-widget-tm_icon_heading\" data-id=\"8d6601c\" data-element_type=\"widget\" data-widget_type=\"tm_icon_heading.default\">\n\t\t\t\t<div class=\"elementor-widget-container\">\n\t\t\t\n<div class=\"themetechmount-iconbox themetechmount-iconbox-stylefive themetechmount-iconcolor-white\">\n<div class=\"themetechmount-iconbox-inner\">\n\t\t<div class=\"tm-iconbox-wrapper\">\n\t\t\t<div class=\"themetechmount-iconbox-icon\">\n\t\t\t<div class=\"tm-box-icon\"><i class=\"kw_inoterior flaticon-navigation\"><\/i><\/div>\t\t\t<\/div>\n\t\t\t<div class=\"themetechmount-iconbox-heading\">\n\t\t\t\t<h2 class=\"tm-custom-heading\">\n\t\t\t\t\t\n\t\t\t\t\t\tMaket At\u00f6lyesi\n\t\t\t\t\t\n\t\t\t\t\t<\/h2>\n\t\t\t\t\t\t\t\t\t\t\t\t<div class=\"tm-cta3-content-wrapper\">Uzunmustafa Mahallesi\nKuyumcuzade Bulvar\u0131 No:72 Daire:1\nMerkez\/D\u00fczce\n<br>\nTel:\n<a href=\"tel:+903805243223\">+90 380 524 32 23<\/a>\n<br>\nEmail:\n<a href=\"mailto:maket@eccegroup.com.tr\">maket@eccegroup.com.tr<\/a><\/div>\t\t\t\t\t\t\t<\/div>\t\n\t\t\t\t\t<\/div>\n\t<\/div>\t\n\n<\/div>\n\t\t<\/div>\n\t\t\t\t<\/div>\n\t\t\t\t\t<\/div>\n\t\t<\/div>\n\t\t\t\t<div class=\"elementor-column elementor-col-33 elementor-top-column elementor-element elementor-element-435266b\" data-id=\"435266b\" data-element_type=\"column\">\n\t\t\t<div class=\"elementor-widget-wrap elementor-element-populated\">\n\t\t\t\t\t\t<div class=\"elementor-element elementor-element-7890f90 elementor-widget elementor-widget-tm_icon_heading\" data-id=\"7890f90\" data-element_type=\"widget\" data-widget_type=\"tm_icon_heading.default\">\n\t\t\t\t<div class=\"elementor-widget-container\">\n\t\t\t\n<div class=\"themetechmount-iconbox themetechmount-iconbox-stylefive themetechmount-iconcolor-white\">\n<div class=\"themetechmount-iconbox-inner\">\n\t\t<div class=\"tm-iconbox-wrapper\">\n\t\t\t<div class=\"themetechmount-iconbox-icon\">\n\t\t\t<div class=\"tm-box-icon\"><i class=\"kw_inoterior flaticon-navigation\"><\/i><\/div>\t\t\t<\/div>\n\t\t\t<div class=\"themetechmount-iconbox-heading\">\n\t\t\t\t<h2 class=\"tm-custom-heading\">\n\t\t\t\t\t\n\t\t\t\t\t\t\u0130stanbul Ofis\n\t\t\t\t\t\n\t\t\t\t\t<\/h2>\n\t\t\t\t\t\t\t\t\t\t\t\t<div class=\"tm-cta3-content-wrapper\">Esentepe Mahallesi Kelebek Sokak No:2 Daire:20, Marmara Kule Kartal\/\u0130stanbul\n<br> \nTel:\n<a href=\"tel:+902165159126\">+90 216 515 91 26<\/a>\n<br>\nEmail:\n<a href=\"mailto:istanbul@eccegroup.com.tr\">istanbul@eccegroup.com.tr<\/a>\n<\/div>\t\t\t\t\t\t\t<\/div>\t\n\t\t\t\t\t<\/div>\n\t<\/div>\t\n\n<\/div>\n\t\t<\/div>\n\t\t\t\t<\/div>\n\t\t\t\t\t<\/div>\n\t\t<\/div>\n\t\t\t\t\t<\/div>\n\t\t<\/section>\n\t\t\t\t<section class=\"elementor-section elementor-top-section elementor-element elementor-element-90e6f7b tm-column-break-ipad-no tm-col-stretched-none elementor-section-boxed elementor-section-height-default elementor-section-height-default\" data-id=\"90e6f7b\" data-element_type=\"section\">\n\t\t\t\t\t\t<div class=\"elementor-container elementor-column-gap-default\">\n\t\t\t\t\t<div class=\"elementor-column elementor-col-50 elementor-top-column elementor-element elementor-element-a291c9e\" data-id=\"a291c9e\" data-element_type=\"column\">\n\t\t\t<div class=\"elementor-widget-wrap elementor-element-populated\">\n\t\t\t\t\t\t<div class=\"elementor-element elementor-element-ec8749f elementor-widget elementor-widget-heading\" data-id=\"ec8749f\" data-element_type=\"widget\" data-widget_type=\"heading.default\">\n\t\t\t\t<div class=\"elementor-widget-container\">\n\t\t\t<style>\/*! elementor - v3.22.0 - 17-06-2024 *\/\n.elementor-heading-title{padding:0;margin:0;line-height:1}.elementor-widget-heading .elementor-heading-title[class*=elementor-size-]>a{color:inherit;font-size:inherit;line-height:inherit}.elementor-widget-heading .elementor-heading-title.elementor-size-small{font-size:15px}.elementor-widget-heading .elementor-heading-title.elementor-size-medium{font-size:19px}.elementor-widget-heading .elementor-heading-title.elementor-size-large{font-size:29px}.elementor-widget-heading .elementor-heading-title.elementor-size-xl{font-size:39px}.elementor-widget-heading .elementor-heading-title.elementor-size-xxl{font-size:59px}<\/style><h2 class=\"elementor-heading-title elementor-size-default\">D\u00fczce Ofis<\/h2>\t\t<\/div>\n\t\t\t\t<\/div>\n\t\t\t\t<div class=\"elementor-element elementor-element-57bc54c elementor-widget elementor-widget-html\" data-id=\"57bc54c\" data-element_type=\"widget\" data-widget_type=\"html.default\">\n\t\t\t\t<div class=\"elementor-widget-container\">\n\t\t\t<iframe src=\"https:\/\/www.google.com\/maps\/embed?pb=!1m14!1m8!1m3!1d24146.650212859462!2d31.150988!3d40.84265!3m2!1i1024!2i768!4f13.1!3m3!1m2!1s0x0%3A0xe8deab55d26fa2c!2sECCE%20GROUP!5e0!3m2!1str!2str!4v1657983092501!5m2!1str!2str\" width=\"800\" height=\"600\" style=\"border:0;\" allowfullscreen=\"\" loading=\"lazy\" referrerpolicy=\"no-referrer-when-downgrade\"><\/iframe>\t\t<\/div>\n\t\t\t\t<\/div>\n\t\t\t\t\t<\/div>\n\t\t<\/div>\n\t\t\t\t<div class=\"elementor-column elementor-col-50 elementor-top-column elementor-element elementor-element-aca3693\" data-id=\"aca3693\" data-element_type=\"column\">\n\t\t\t<div class=\"elementor-widget-wrap elementor-element-populated\">\n\t\t\t\t\t\t<div class=\"elementor-element elementor-element-469ebae elementor-widget elementor-widget-heading\" data-id=\"469ebae\" data-element_type=\"widget\" data-widget_type=\"heading.default\">\n\t\t\t\t<div class=\"elementor-widget-container\">\n\t\t\t<h2 class=\"elementor-heading-title elementor-size-default\">\u0130stanbul Ofis<\/h2>\t\t<\/div>\n\t\t\t\t<\/div>\n\t\t\t\t<div class=\"elementor-element elementor-element-10d98b8 elementor-widget elementor-widget-html\" data-id=\"10d98b8\" data-element_type=\"widget\" data-widget_type=\"html.default\">\n\t\t\t\t<div class=\"elementor-widget-container\">\n\t\t\t<iframe src=\"https:\/\/www.google.com\/maps\/embed?pb=!1m14!1m8!1m3!1d6030.420198679034!2d29.195865!3d40.911139!3m2!1i1024!2i768!4f13.1!3m3!1m2!1s0x0%3A0xd5aacfa2c334044d!2sECCE%20GROUP!5e0!3m2!1str!2str!4v1657983144955!5m2!1str!2str\" width=\"800\" height=\"600\" style=\"border:0;\" allowfullscreen=\"\" loading=\"lazy\" referrerpolicy=\"no-referrer-when-downgrade\"><\/iframe>\t\t<\/div>\n\t\t\t\t<\/div>\n\t\t\t\t\t<\/div>\n\t\t<\/div>\n\t\t\t\t\t<\/div>\n\t\t<\/section>\n\t\t\t\t<section class=\"elementor-section elementor-top-section elementor-element elementor-element-5e14685 tm-column-break-ipad-yes elementor-section-stretched elementor-section-content-middle tm-col-stretched-none elementor-section-boxed elementor-section-height-default elementor-section-height-default\" data-id=\"5e14685\" data-element_type=\"section\" data-settings=\"{&quot;stretch_section&quot;:&quot;section-stretched&quot;}\">\n\t\t\t\t\t\t<div class=\"elementor-container elementor-column-gap-default\">\n\t\t\t\t\t<div class=\"elementor-column elementor-col-100 elementor-top-column elementor-element elementor-element-666a4fa\" data-id=\"666a4fa\" data-element_type=\"column\">\n\t\t\t<div class=\"elementor-widget-wrap elementor-element-populated\">\n\t\t\t\t\t\t<div class=\"elementor-element elementor-element-ad170f7 tm-align-center elementor-widget elementor-widget-tm_heading\" data-id=\"ad170f7\" data-element_type=\"widget\" data-widget_type=\"tm_heading.default\">\n\t\t\t\t<div class=\"elementor-widget-container\">\n\t\t\t<div class=\"tm-element-heading-content-wrapper center-align  tm-seperator-none  tm-heading-style-vertical \"><div class=\"tm-content-header\"><h3 class=\"tm-element-content-heading\">\n\t\t\t\tBizimle \u0130leti\u015fime Ge\u00e7\n\t\t\t<\/h3>\n\t\t<\/div><\/div>\t\t<\/div>\n\t\t\t\t<\/div>\n\t\t\t\t<div class=\"elementor-element elementor-element-2edb256 elementor-widget__width-initial elementor-widget elementor-widget-shortcode\" data-id=\"2edb256\" data-element_type=\"widget\" data-widget_type=\"shortcode.default\">\n\t\t\t\t<div class=\"elementor-widget-container\">\n\t\t\t\t\t<div class=\"elementor-shortcode\">\n<div class=\"wpcf7 no-js\" id=\"wpcf7-f2825-o1\" lang=\"en-US\" dir=\"ltr\">\n<div class=\"screen-reader-response\"><p role=\"status\" aria-live=\"polite\" aria-atomic=\"true\"><\/p> <ul><\/ul><\/div>\n<form action=\"\/tr\/index.php\/wp-json\/wp\/v2\/pages\/2710#wpcf7-f2825-o1\" method=\"post\" class=\"wpcf7-form init\" aria-label=\"Contact form\" novalidate=\"novalidate\" data-status=\"init\">\n<div style=\"display: none;\">\n<input type=\"hidden\" name=\"_wpcf7\" value=\"2825\" \/>\n<input type=\"hidden\" name=\"_wpcf7_version\" value=\"5.9.6\" \/>\n<input type=\"hidden\" name=\"_wpcf7_locale\" value=\"en_US\" \/>\n<input type=\"hidden\" name=\"_wpcf7_unit_tag\" value=\"wpcf7-f2825-o1\" \/>\n<input type=\"hidden\" name=\"_wpcf7_container_post\" value=\"0\" \/>\n<input type=\"hidden\" name=\"_wpcf7_posted_data_hash\" value=\"\" \/>\n<\/div>\n<div class=\"tm-commonform tm-contactform-01\">\n\t<div class=\"row\">\n\t\t<div class=\"col-md-6\">\n\t\t\t<p><span class=\"wpcf7-form-control-wrap\" data-name=\"your-name\"><input size=\"40\" maxlength=\"80\" class=\"wpcf7-form-control wpcf7-text wpcf7-validates-as-required\" aria-required=\"true\" aria-invalid=\"false\" placeholder=\"Ad\u0131n\u0131z...\" value=\"\" type=\"text\" name=\"your-name\" \/><\/span>\n\t\t\t<\/p>\n\t\t<\/div>\n\t\t<div class=\"col-md-6\">\n\t\t\t<p><span class=\"wpcf7-form-control-wrap\" data-name=\"text-419\"><input size=\"40\" maxlength=\"80\" class=\"wpcf7-form-control wpcf7-text\" aria-invalid=\"false\" placeholder=\"Soyad\u0131n\u0131z...\" value=\"\" type=\"text\" name=\"text-419\" \/><\/span>\n\t\t\t<\/p>\n\t\t<\/div>\n\t<\/div>\n\t<div class=\"row\">\n\t\t<div class=\"col-md-6\">\n\t\t\t<p><span class=\"wpcf7-form-control-wrap\" data-name=\"your-email\"><input size=\"40\" maxlength=\"80\" class=\"wpcf7-form-control wpcf7-email wpcf7-validates-as-required wpcf7-text wpcf7-validates-as-email\" aria-required=\"true\" aria-invalid=\"false\" placeholder=\"E-Posta Adresiniz...\" value=\"\" type=\"email\" name=\"your-email\" \/><\/span>\n\t\t\t<\/p>\n\t\t<\/div>\n\t\t<div class=\"col-md-6\">\n\t\t\t<p><span class=\"wpcf7-form-control-wrap\" data-name=\"your-phone\"><input size=\"40\" maxlength=\"80\" class=\"wpcf7-form-control wpcf7-text\" aria-invalid=\"false\" placeholder=\"Telefon Numaran\u0131z...\" value=\"\" type=\"text\" name=\"your-phone\" \/><\/span>\n\t\t\t<\/p>\n\t\t<\/div>\n\t<\/div>\n\t<div class=\"row\">\n\t\t<div class=\"col-md-12\">\n\t\t\t<p><span class=\"wpcf7-form-control-wrap\" data-name=\"your-message\"><textarea cols=\"50\" rows=\"5\" maxlength=\"400\" class=\"wpcf7-form-control wpcf7-textarea wpcf7-validates-as-required\" aria-required=\"true\" aria-invalid=\"false\" placeholder=\"Mesaj\u0131n\u0131z\u0131 Buraya Giriniz...\" name=\"your-message\"><\/textarea><\/span>\n\t\t\t<\/p>\n\t\t<\/div>\n\t<\/div>\n\t<p><span class=\"wpcf7-form-control-wrap\" data-name=\"checkbox-953\"><span class=\"wpcf7-form-control wpcf7-checkbox\"><span class=\"wpcf7-list-item first last\"><label><input type=\"checkbox\" name=\"checkbox-953[]\" value=\"Ad\u0131m\u0131 kaydet, bir dahaki sefere hat\u0131rlamak i\u00e7in.\" \/><span class=\"wpcf7-list-item-label\">Ad\u0131m\u0131 kaydet, bir dahaki sefere hat\u0131rlamak i\u00e7in.<\/span><\/label><\/span><\/span><\/span>\n\t<\/p>\n\t<p><input class=\"wpcf7-form-control wpcf7-submit has-spinner\" type=\"submit\" value=\"G\u00f6nder\" \/>\n\t<\/p>\n<\/div>\n<div class=\"wpcf7-response-output\" aria-hidden=\"true\"><\/div>\n<p style=\"display: none !important;\" class=\"akismet-fields-container\" data-prefix=\"_wpcf7_ak_\"><label>&#916;<textarea name=\"_wpcf7_ak_hp_textarea\" cols=\"45\" rows=\"8\" maxlength=\"100\"><\/textarea><\/label><input type=\"hidden\" id=\"ak_js_1\" name=\"_wpcf7_ak_js\" value=\"217\"\/><script>document.getElementById( \"ak_js_1\" ).setAttribute( \"value\", ( new Date() ).getTime() );<\/script><\/p>\n<\/form>\n<\/div>\n<\/div>\n\t\t\t\t<\/div>\n\t\t\t\t<\/div>\n\t\t\t\t\t<\/div>\n\t\t<\/div>\n\t\t\t\t\t<\/div>\n\t\t<\/section>\n\t\t\t\t<\/div>\n\t\t","protected":false},"excerpt":{"rendered":"<p>D\u00fczce Ofis Uzunmustafa Mahallesi Kuyumcuzade Bulvar\u0131 No:72 Daire:2\/3 Merkez\/D\u00fczce Tel: +90 380 524 32 23 Email: duzce@eccegroup.com.tr Maket At\u00f6lyesi Uzunmustafa Mahallesi Kuyumcuzade Bulvar\u0131 No:72 Daire:1 Merkez\/D\u00fczce Tel: +90 380 524 32 23 Email: maket@eccegroup.com.tr \u0130stanbul Ofis Esentepe Mahallesi Kelebek Sokak No:2 Daire:20, Marmara Kule Kartal\/\u0130stanbul Tel: +90 216 515 91 26 Email: istanbul@eccegroup.com.tr D\u00fczce Ofis &hellip; <a href=\"https:\/\/www.eccegroup.com.tr\/tr\/index.php\/iletisim\/\" class=\"more-link\">Continue reading <span class=\"screen-reader-text\">\u0130leti\u015fim<\/span><\/a><\/p>\n","protected":false},"author":1,"featured_media":0,"parent":0,"menu_order":14,"comment_status":"closed","ping_status":"closed","template":"","meta":{"footnotes":""},"class_list":["post-2710","page","type-page","status-publish","hentry"],"_links":{"self":[{"href":"https:\/\/www.eccegroup.com.tr\/tr\/index.php\/wp-json\/wp\/v2\/pages\/2710","targetHints":{"allow":["GET"]}}],"collection":[{"href":"https:\/\/www.eccegroup.com.tr\/tr\/index.php\/wp-json\/wp\/v2\/pages"}],"about":[{"href":"https:\/\/www.eccegroup.com.tr\/tr\/index.php\/wp-json\/wp\/v2\/types\/page"}],"author":[{"embeddable":true,"href":"https:\/\/www.eccegroup.com.tr\/tr\/index.php\/wp-json\/wp\/v2\/users\/1"}],"replies":[{"embeddable":true,"href":"https:\/\/www.eccegroup.com.tr\/tr\/index.php\/wp-json\/wp\/v2\/comments?post=2710"}],"version-history":[{"count":110,"href":"https:\/\/www.eccegroup.com.tr\/tr\/index.php\/wp-json\/wp\/v2\/pages\/2710\/revisions"}],"predecessor-version":[{"id":15659,"href":"https:\/\/www.eccegroup.com.tr\/tr\/index.php\/wp-json\/wp\/v2\/pages\/2710\/revisions\/15659"}],"wp:attachment":[{"href":"https:\/\/www.eccegroup.com.tr\/tr\/index.php\/wp-json\/wp\/v2\/media?parent=2710"}],"curies":[{"name":"wp","href":"https:\/\/api.w.org\/{rel}","templated":true}]}}